{"id":4146,"date":"2026-04-20T00:23:08","date_gmt":"2026-04-19T22:23:08","guid":{"rendered":"https:\/\/rubi.com.py\/index.php\/producto\/campana-extractora-de-60cm-nappo-nee-170\/"},"modified":"2026-04-20T00:23:08","modified_gmt":"2026-04-19T22:23:08","slug":"campana-extractora-de-60cm-nappo-nee-170","status":"publish","type":"product","link":"https:\/\/rubi.com.py\/index.php\/producto\/campana-extractora-de-60cm-nappo-nee-170\/","title":{"rendered":"CAMPANA EXTRACTORA DE 60CM NAPPO NEE-170"},"content":{"rendered":"<p>CAMPANA EXTRACTORA DE 60CM NAPPO NEE-170 Caracter\u00edsticas: -Campana de 60 cm. -Flujo de aire 550 m3\/h. -Potencia: 150W. -Con Luz integrada (Lampara Led de 1.5W). -2 filtros de aluminio de 5 capas. -Motor el\u00e9ctrico de gran potencia: 130W. -Bajo nivel de ruido durante su funcionamiento. -Tubo pl\u00e1stico de 2m de largo. -Altura de la chimenea: 400+400 mm. -Alimentaci\u00f3n: 220V-240 V ~ 50Hz.<\/p>\n","protected":false},"excerpt":{"rendered":"<p>CAMPANA EXTRACTORA DE 60CM NAPPO NEE-170<\/p>\n","protected":false},"featured_media":4145,"comment_status":"open","ping_status":"closed","template":"","meta":{"_et_pb_use_builder":"","_et_pb_old_content":"","_et_gb_content_width":""},"product_brand":[],"product_cat":[33],"product_tag":[],"class_list":{"0":"post-4146","1":"product","2":"type-product","3":"status-publish","4":"has-post-thumbnail","6":"product_cat-cocina-y-comedor","8":"first","9":"instock","10":"shipping-taxable","11":"purchasable","12":"product-type-simple"},"_links":{"self":[{"href":"https:\/\/rubi.com.py\/index.php\/wp-json\/wp\/v2\/product\/4146","targetHints":{"allow":["GET"]}}],"collection":[{"href":"https:\/\/rubi.com.py\/index.php\/wp-json\/wp\/v2\/product"}],"about":[{"href":"https:\/\/rubi.com.py\/index.php\/wp-json\/wp\/v2\/types\/product"}],"replies":[{"embeddable":true,"href":"https:\/\/rubi.com.py\/index.php\/wp-json\/wp\/v2\/comments?post=4146"}],"wp:featuredmedia":[{"embeddable":true,"href":"https:\/\/rubi.com.py\/index.php\/wp-json\/wp\/v2\/media\/4145"}],"wp:attachment":[{"href":"https:\/\/rubi.com.py\/index.php\/wp-json\/wp\/v2\/media?parent=4146"}],"wp:term":[{"taxonomy":"product_brand","embeddable":true,"href":"https:\/\/rubi.com.py\/index.php\/wp-json\/wp\/v2\/product_brand?post=4146"},{"taxonomy":"product_cat","embeddable":true,"href":"https:\/\/rubi.com.py\/index.php\/wp-json\/wp\/v2\/product_cat?post=4146"},{"taxonomy":"product_tag","embeddable":true,"href":"https:\/\/rubi.com.py\/index.php\/wp-json\/wp\/v2\/product_tag?post=4146"}],"curies":[{"name":"wp","href":"https:\/\/api.w.org\/{rel}","templated":true}]}}