{"id":4148,"date":"2026-04-20T00:23:31","date_gmt":"2026-04-19T22:23:31","guid":{"rendered":"https:\/\/rubi.com.py\/index.php\/producto\/pulidora-lijadora-multifuncional-nhf-171\/"},"modified":"2026-04-20T00:23:31","modified_gmt":"2026-04-19T22:23:31","slug":"pulidora-lijadora-multifuncional-nhf-171","status":"publish","type":"product","link":"https:\/\/rubi.com.py\/index.php\/producto\/pulidora-lijadora-multifuncional-nhf-171\/","title":{"rendered":"PULIDORA LIJADORA MULTIFUNCIONAL NHF-171"},"content":{"rendered":"<p>PULIDORA LIJADORA MULTIFUNCIONAL NHF-171 Caracter\u00edsticas: -Pulidora lijadora automotriz multifuncional. -Potencia: 700W. -Velocidad: 600-4500 RPM. -Di\u00e1metro m\u00e1x: 150mm. -Incluye disco de 125 mm. -Alimentaci\u00f3n: 110-220V ~ 50\/60Hz.<\/p>\n","protected":false},"excerpt":{"rendered":"<p>PULIDORA LIJADORA MULTIFUNCIONAL NHF-171<\/p>\n","protected":false},"featured_media":4147,"comment_status":"open","ping_status":"closed","template":"","meta":{"_et_pb_use_builder":"","_et_pb_old_content":"","_et_gb_content_width":""},"product_brand":[],"product_cat":[36],"product_tag":[],"class_list":{"0":"post-4148","1":"product","2":"type-product","3":"status-publish","4":"has-post-thumbnail","6":"product_cat-ferreteria","8":"first","9":"instock","10":"shipping-taxable","11":"purchasable","12":"product-type-simple"},"_links":{"self":[{"href":"https:\/\/rubi.com.py\/index.php\/wp-json\/wp\/v2\/product\/4148","targetHints":{"allow":["GET"]}}],"collection":[{"href":"https:\/\/rubi.com.py\/index.php\/wp-json\/wp\/v2\/product"}],"about":[{"href":"https:\/\/rubi.com.py\/index.php\/wp-json\/wp\/v2\/types\/product"}],"replies":[{"embeddable":true,"href":"https:\/\/rubi.com.py\/index.php\/wp-json\/wp\/v2\/comments?post=4148"}],"wp:featuredmedia":[{"embeddable":true,"href":"https:\/\/rubi.com.py\/index.php\/wp-json\/wp\/v2\/media\/4147"}],"wp:attachment":[{"href":"https:\/\/rubi.com.py\/index.php\/wp-json\/wp\/v2\/media?parent=4148"}],"wp:term":[{"taxonomy":"product_brand","embeddable":true,"href":"https:\/\/rubi.com.py\/index.php\/wp-json\/wp\/v2\/product_brand?post=4148"},{"taxonomy":"product_cat","embeddable":true,"href":"https:\/\/rubi.com.py\/index.php\/wp-json\/wp\/v2\/product_cat?post=4148"},{"taxonomy":"product_tag","embeddable":true,"href":"https:\/\/rubi.com.py\/index.php\/wp-json\/wp\/v2\/product_tag?post=4148"}],"curies":[{"name":"wp","href":"https:\/\/api.w.org\/{rel}","templated":true}]}}