{"id":4152,"date":"2026-04-20T00:24:28","date_gmt":"2026-04-19T22:24:28","guid":{"rendered":"https:\/\/rubi.com.py\/index.php\/producto\/soundbar-32-con-subwoofer-kpe-640\/"},"modified":"2026-04-20T00:24:28","modified_gmt":"2026-04-19T22:24:28","slug":"soundbar-32-con-subwoofer-kpe-640","status":"publish","type":"product","link":"https:\/\/rubi.com.py\/index.php\/producto\/soundbar-32-con-subwoofer-kpe-640\/","title":{"rendered":"SOUNDBAR 32&#8243; CON SUBWOOFER KPE-640"},"content":{"rendered":"<p>SOUNDBAR 32&#8243; CON SUBWOOFER KPE-640 Caracter\u00edsticas: \u00b7 Potencia: 60W. \u00b7 Conexi\u00f3n inal\u00e1mbrica V5.3. \u00b7 Conexi\u00f3n: HDMI (ARC), Entrada auxiliar, Conexi\u00f3n \u00f3ptica. \u00b7 Control remoto incluido. \u00b7 Cable \u00f3ptico y Cable Auxiliar incluidos para conectar a cualquier TV.<\/p>\n","protected":false},"excerpt":{"rendered":"<p>SOUNDBAR 32&#8243; CON SUBWOOFER KPE-640<\/p>\n","protected":false},"featured_media":4151,"comment_status":"open","ping_status":"closed","template":"","meta":{"_et_pb_use_builder":"","_et_pb_old_content":"","_et_gb_content_width":""},"product_brand":[],"product_cat":[46],"product_tag":[],"class_list":{"0":"post-4152","1":"product","2":"type-product","3":"status-publish","4":"has-post-thumbnail","6":"product_cat-tecnologia","8":"first","9":"instock","10":"shipping-taxable","11":"purchasable","12":"product-type-simple"},"_links":{"self":[{"href":"https:\/\/rubi.com.py\/index.php\/wp-json\/wp\/v2\/product\/4152","targetHints":{"allow":["GET"]}}],"collection":[{"href":"https:\/\/rubi.com.py\/index.php\/wp-json\/wp\/v2\/product"}],"about":[{"href":"https:\/\/rubi.com.py\/index.php\/wp-json\/wp\/v2\/types\/product"}],"replies":[{"embeddable":true,"href":"https:\/\/rubi.com.py\/index.php\/wp-json\/wp\/v2\/comments?post=4152"}],"wp:featuredmedia":[{"embeddable":true,"href":"https:\/\/rubi.com.py\/index.php\/wp-json\/wp\/v2\/media\/4151"}],"wp:attachment":[{"href":"https:\/\/rubi.com.py\/index.php\/wp-json\/wp\/v2\/media?parent=4152"}],"wp:term":[{"taxonomy":"product_brand","embeddable":true,"href":"https:\/\/rubi.com.py\/index.php\/wp-json\/wp\/v2\/product_brand?post=4152"},{"taxonomy":"product_cat","embeddable":true,"href":"https:\/\/rubi.com.py\/index.php\/wp-json\/wp\/v2\/product_cat?post=4152"},{"taxonomy":"product_tag","embeddable":true,"href":"https:\/\/rubi.com.py\/index.php\/wp-json\/wp\/v2\/product_tag?post=4152"}],"curies":[{"name":"wp","href":"https:\/\/api.w.org\/{rel}","templated":true}]}}