{"id":4154,"date":"2026-04-20T00:24:45","date_gmt":"2026-04-19T22:24:45","guid":{"rendered":"https:\/\/rubi.com.py\/index.php\/producto\/hidrolavadora-de-alta-presion-nhh-173\/"},"modified":"2026-04-20T00:24:45","modified_gmt":"2026-04-19T22:24:45","slug":"hidrolavadora-de-alta-presion-nhh-173","status":"publish","type":"product","link":"https:\/\/rubi.com.py\/index.php\/producto\/hidrolavadora-de-alta-presion-nhh-173\/","title":{"rendered":"HIDROLAVADORA DE ALTA PRESI\u00d3N NHH-173"},"content":{"rendered":"<p>HIDROLAVADORA DE ALTA PRESI\u00d3N NHH-173 Caracter\u00edsticas: -Potencia: 1500W. -Presi\u00f3n m\u00e1xima: 120bar. -Flujo m\u00e1ximo: + 6.5 L\/min. -Presi\u00f3n de entrada de agua: 1.2 MPa. -Accesorios incluidos: Manguera de alta presi\u00f3n de 5mts, Conector de entrada r\u00e1pida de agua, Pistola rociadora, Boquilla de pulverizaci\u00f3nr regulable, Limpia boquilla, Botella Jabonera, Esponja.<\/p>\n","protected":false},"excerpt":{"rendered":"<p>HIDROLAVADORA DE ALTA PRESI\u00d3N NHH-173<\/p>\n","protected":false},"featured_media":4153,"comment_status":"open","ping_status":"closed","template":"","meta":{"_et_pb_use_builder":"","_et_pb_old_content":"","_et_gb_content_width":""},"product_brand":[],"product_cat":[38],"product_tag":[],"class_list":{"0":"post-4154","1":"product","2":"type-product","3":"status-publish","4":"has-post-thumbnail","6":"product_cat-hogar-y-limpieza","8":"first","9":"instock","10":"shipping-taxable","11":"purchasable","12":"product-type-simple"},"_links":{"self":[{"href":"https:\/\/rubi.com.py\/index.php\/wp-json\/wp\/v2\/product\/4154","targetHints":{"allow":["GET"]}}],"collection":[{"href":"https:\/\/rubi.com.py\/index.php\/wp-json\/wp\/v2\/product"}],"about":[{"href":"https:\/\/rubi.com.py\/index.php\/wp-json\/wp\/v2\/types\/product"}],"replies":[{"embeddable":true,"href":"https:\/\/rubi.com.py\/index.php\/wp-json\/wp\/v2\/comments?post=4154"}],"wp:featuredmedia":[{"embeddable":true,"href":"https:\/\/rubi.com.py\/index.php\/wp-json\/wp\/v2\/media\/4153"}],"wp:attachment":[{"href":"https:\/\/rubi.com.py\/index.php\/wp-json\/wp\/v2\/media?parent=4154"}],"wp:term":[{"taxonomy":"product_brand","embeddable":true,"href":"https:\/\/rubi.com.py\/index.php\/wp-json\/wp\/v2\/product_brand?post=4154"},{"taxonomy":"product_cat","embeddable":true,"href":"https:\/\/rubi.com.py\/index.php\/wp-json\/wp\/v2\/product_cat?post=4154"},{"taxonomy":"product_tag","embeddable":true,"href":"https:\/\/rubi.com.py\/index.php\/wp-json\/wp\/v2\/product_tag?post=4154"}],"curies":[{"name":"wp","href":"https:\/\/api.w.org\/{rel}","templated":true}]}}