{"id":4158,"date":"2026-04-20T00:26:04","date_gmt":"2026-04-19T22:26:04","guid":{"rendered":"https:\/\/rubi.com.py\/index.php\/producto\/camara-interior-ip-wifi-3-0mp-kuc-650\/"},"modified":"2026-04-20T00:26:04","modified_gmt":"2026-04-19T22:26:04","slug":"camara-interior-ip-wifi-3-0mp-kuc-650","status":"publish","type":"product","link":"https:\/\/rubi.com.py\/index.php\/producto\/camara-interior-ip-wifi-3-0mp-kuc-650\/","title":{"rendered":"CAMARA INTERIOR IP WIFI 3.0MP KUC-650"},"content":{"rendered":"<p>CAMARA INTERIOR IP WIFI 3.0MP KUC-650 Caracter\u00edsticas: -C\u00e1mara con conexi\u00f3n E27 de bombilla (porta l\u00e1mparas). -Doble iluminaci\u00f3n: 4 Luces Led IR y 4 luces Blancas para visi\u00f3n Nocturna a color. -Resoluci\u00f3n 3MP \/ 1296P. -Rotaci\u00f3n: Horizontal 355\u00b0 \/ Vertical 75\u00b0. -WiFi Dual-band: 2.4G y 5G. -Audio Bi-Direccional.\u00b7 Detecci\u00f3n de movimiento. -App: iCam365. -Almacenamiento: Admite tarjeta SD, registro en la nube y registro local. -Incluye: Portal\u00e1mparas E27.<\/p>\n","protected":false},"excerpt":{"rendered":"<p>CAMARA INTERIOR IP WIFI 3.0MP KUC-650<\/p>\n","protected":false},"featured_media":4157,"comment_status":"open","ping_status":"closed","template":"","meta":{"_et_pb_use_builder":"","_et_pb_old_content":"","_et_gb_content_width":""},"product_brand":[],"product_cat":[46],"product_tag":[],"class_list":{"0":"post-4158","1":"product","2":"type-product","3":"status-publish","4":"has-post-thumbnail","6":"product_cat-tecnologia","8":"first","9":"instock","10":"shipping-taxable","11":"purchasable","12":"product-type-simple"},"_links":{"self":[{"href":"https:\/\/rubi.com.py\/index.php\/wp-json\/wp\/v2\/product\/4158","targetHints":{"allow":["GET"]}}],"collection":[{"href":"https:\/\/rubi.com.py\/index.php\/wp-json\/wp\/v2\/product"}],"about":[{"href":"https:\/\/rubi.com.py\/index.php\/wp-json\/wp\/v2\/types\/product"}],"replies":[{"embeddable":true,"href":"https:\/\/rubi.com.py\/index.php\/wp-json\/wp\/v2\/comments?post=4158"}],"wp:featuredmedia":[{"embeddable":true,"href":"https:\/\/rubi.com.py\/index.php\/wp-json\/wp\/v2\/media\/4157"}],"wp:attachment":[{"href":"https:\/\/rubi.com.py\/index.php\/wp-json\/wp\/v2\/media?parent=4158"}],"wp:term":[{"taxonomy":"product_brand","embeddable":true,"href":"https:\/\/rubi.com.py\/index.php\/wp-json\/wp\/v2\/product_brand?post=4158"},{"taxonomy":"product_cat","embeddable":true,"href":"https:\/\/rubi.com.py\/index.php\/wp-json\/wp\/v2\/product_cat?post=4158"},{"taxonomy":"product_tag","embeddable":true,"href":"https:\/\/rubi.com.py\/index.php\/wp-json\/wp\/v2\/product_tag?post=4158"}],"curies":[{"name":"wp","href":"https:\/\/api.w.org\/{rel}","templated":true}]}}