{"id":4174,"date":"2026-04-20T00:29:03","date_gmt":"2026-04-19T22:29:03","guid":{"rendered":"https:\/\/rubi.com.py\/index.php\/producto\/waflera-nappo-blanca-new-160\/"},"modified":"2026-04-20T00:29:03","modified_gmt":"2026-04-19T22:29:03","slug":"waflera-nappo-blanca-new-160","status":"publish","type":"product","link":"https:\/\/rubi.com.py\/index.php\/producto\/waflera-nappo-blanca-new-160\/","title":{"rendered":"WAFLERA NAPPO BLANCA NEW-160"},"content":{"rendered":"<p>WAFLERA NAPPO BLANCA NEW-160 Caracter\u00edsticas: -Placa de revestimiento antiadherente. -F\u00e1cil de limpiar. -Sistema de bisagra flotante. -Luces indicadoras. -Temperatura autom\u00e1tica. -Mango Cool-Touch: Fr\u00edo al tacto, seguro de usar. -Almacenamiento de cable. -Almacenamiento vertical, ahorra espacio.<\/p>\n","protected":false},"excerpt":{"rendered":"<p>WAFLERA NAPPO BLANCA NEW-160<\/p>\n","protected":false},"featured_media":4173,"comment_status":"open","ping_status":"closed","template":"","meta":{"_et_pb_use_builder":"","_et_pb_old_content":"","_et_gb_content_width":""},"product_brand":[],"product_cat":[33],"product_tag":[],"class_list":{"0":"post-4174","1":"product","2":"type-product","3":"status-publish","4":"has-post-thumbnail","6":"product_cat-cocina-y-comedor","8":"first","9":"instock","10":"shipping-taxable","11":"purchasable","12":"product-type-simple"},"_links":{"self":[{"href":"https:\/\/rubi.com.py\/index.php\/wp-json\/wp\/v2\/product\/4174","targetHints":{"allow":["GET"]}}],"collection":[{"href":"https:\/\/rubi.com.py\/index.php\/wp-json\/wp\/v2\/product"}],"about":[{"href":"https:\/\/rubi.com.py\/index.php\/wp-json\/wp\/v2\/types\/product"}],"replies":[{"embeddable":true,"href":"https:\/\/rubi.com.py\/index.php\/wp-json\/wp\/v2\/comments?post=4174"}],"wp:featuredmedia":[{"embeddable":true,"href":"https:\/\/rubi.com.py\/index.php\/wp-json\/wp\/v2\/media\/4173"}],"wp:attachment":[{"href":"https:\/\/rubi.com.py\/index.php\/wp-json\/wp\/v2\/media?parent=4174"}],"wp:term":[{"taxonomy":"product_brand","embeddable":true,"href":"https:\/\/rubi.com.py\/index.php\/wp-json\/wp\/v2\/product_brand?post=4174"},{"taxonomy":"product_cat","embeddable":true,"href":"https:\/\/rubi.com.py\/index.php\/wp-json\/wp\/v2\/product_cat?post=4174"},{"taxonomy":"product_tag","embeddable":true,"href":"https:\/\/rubi.com.py\/index.php\/wp-json\/wp\/v2\/product_tag?post=4174"}],"curies":[{"name":"wp","href":"https:\/\/api.w.org\/{rel}","templated":true}]}}