{"id":4176,"date":"2026-04-20T00:29:24","date_gmt":"2026-04-19T22:29:24","guid":{"rendered":"https:\/\/rubi.com.py\/index.php\/producto\/omeletera-nappo-negra-neq-161\/"},"modified":"2026-04-20T00:29:24","modified_gmt":"2026-04-19T22:29:24","slug":"omeletera-nappo-negra-neq-161","status":"publish","type":"product","link":"https:\/\/rubi.com.py\/index.php\/producto\/omeletera-nappo-negra-neq-161\/","title":{"rendered":"OMELETERA NAPPO NEGRA NEQ-161"},"content":{"rendered":"<p>OMELETERA NAPPO NEGRA NEQ-161 Caracter\u00edsticas: -Placa de revestimiento antiadherente. -F\u00e1cil de limpiar. -Luces indicadoras. -Temperatura autom\u00e1tica. -Mango Cool-Touch: Fr\u00edo al tacto, seguro de usar. -Almacenamiento de cable. -Almacenamiento vertical, ahorra espacio. -Potencia: 1.000W. -Alimentaci\u00f3n: 220V ~ 50-60Hz.<\/p>\n","protected":false},"excerpt":{"rendered":"<p>OMELETERA NAPPO NEGRA NEQ-161<\/p>\n","protected":false},"featured_media":4175,"comment_status":"open","ping_status":"closed","template":"","meta":{"_et_pb_use_builder":"","_et_pb_old_content":"","_et_gb_content_width":""},"product_brand":[],"product_cat":[33],"product_tag":[],"class_list":{"0":"post-4176","1":"product","2":"type-product","3":"status-publish","4":"has-post-thumbnail","6":"product_cat-cocina-y-comedor","8":"first","9":"instock","10":"shipping-taxable","11":"purchasable","12":"product-type-simple"},"_links":{"self":[{"href":"https:\/\/rubi.com.py\/index.php\/wp-json\/wp\/v2\/product\/4176","targetHints":{"allow":["GET"]}}],"collection":[{"href":"https:\/\/rubi.com.py\/index.php\/wp-json\/wp\/v2\/product"}],"about":[{"href":"https:\/\/rubi.com.py\/index.php\/wp-json\/wp\/v2\/types\/product"}],"replies":[{"embeddable":true,"href":"https:\/\/rubi.com.py\/index.php\/wp-json\/wp\/v2\/comments?post=4176"}],"wp:featuredmedia":[{"embeddable":true,"href":"https:\/\/rubi.com.py\/index.php\/wp-json\/wp\/v2\/media\/4175"}],"wp:attachment":[{"href":"https:\/\/rubi.com.py\/index.php\/wp-json\/wp\/v2\/media?parent=4176"}],"wp:term":[{"taxonomy":"product_brand","embeddable":true,"href":"https:\/\/rubi.com.py\/index.php\/wp-json\/wp\/v2\/product_brand?post=4176"},{"taxonomy":"product_cat","embeddable":true,"href":"https:\/\/rubi.com.py\/index.php\/wp-json\/wp\/v2\/product_cat?post=4176"},{"taxonomy":"product_tag","embeddable":true,"href":"https:\/\/rubi.com.py\/index.php\/wp-json\/wp\/v2\/product_tag?post=4176"}],"curies":[{"name":"wp","href":"https:\/\/api.w.org\/{rel}","templated":true}]}}