{"id":4180,"date":"2026-04-20T00:30:07","date_gmt":"2026-04-19T22:30:07","guid":{"rendered":"https:\/\/rubi.com.py\/index.php\/producto\/aspiradora-nappo-sin-bolsa-nlah-166-negra\/"},"modified":"2026-04-20T00:30:07","modified_gmt":"2026-04-19T22:30:07","slug":"aspiradora-nappo-sin-bolsa-nlah-166-negra","status":"publish","type":"product","link":"https:\/\/rubi.com.py\/index.php\/producto\/aspiradora-nappo-sin-bolsa-nlah-166-negra\/","title":{"rendered":"ASPIRADORA NAPPO SIN BOLSA NLAH-166 NEGRA"},"content":{"rendered":"<p>ASPIRADORA NAPPO SIN BOLSA NLAH-166 NEGRA Caracter\u00edsticas: -Potencia: 1200W. -Filtro HEPA. -Capacidad 2L. -Compartimiento trasl\u00facido. -Cable retr\u00e1ctil de 5m. -Accesorios incluidos: Tubos telesc\u00f3picos met\u00e1licos, cepillo de piso, cepillo para sillones, cepillo 2 en 1 para ranuras.<\/p>\n","protected":false},"excerpt":{"rendered":"<p>ASPIRADORA NAPPO SIN BOLSA NLAH-166 NEGRA<\/p>\n","protected":false},"featured_media":4179,"comment_status":"open","ping_status":"closed","template":"","meta":{"_et_pb_use_builder":"","_et_pb_old_content":"","_et_gb_content_width":""},"product_brand":[],"product_cat":[38],"product_tag":[],"class_list":{"0":"post-4180","1":"product","2":"type-product","3":"status-publish","4":"has-post-thumbnail","6":"product_cat-hogar-y-limpieza","8":"first","9":"instock","10":"shipping-taxable","11":"purchasable","12":"product-type-simple"},"_links":{"self":[{"href":"https:\/\/rubi.com.py\/index.php\/wp-json\/wp\/v2\/product\/4180","targetHints":{"allow":["GET"]}}],"collection":[{"href":"https:\/\/rubi.com.py\/index.php\/wp-json\/wp\/v2\/product"}],"about":[{"href":"https:\/\/rubi.com.py\/index.php\/wp-json\/wp\/v2\/types\/product"}],"replies":[{"embeddable":true,"href":"https:\/\/rubi.com.py\/index.php\/wp-json\/wp\/v2\/comments?post=4180"}],"wp:featuredmedia":[{"embeddable":true,"href":"https:\/\/rubi.com.py\/index.php\/wp-json\/wp\/v2\/media\/4179"}],"wp:attachment":[{"href":"https:\/\/rubi.com.py\/index.php\/wp-json\/wp\/v2\/media?parent=4180"}],"wp:term":[{"taxonomy":"product_brand","embeddable":true,"href":"https:\/\/rubi.com.py\/index.php\/wp-json\/wp\/v2\/product_brand?post=4180"},{"taxonomy":"product_cat","embeddable":true,"href":"https:\/\/rubi.com.py\/index.php\/wp-json\/wp\/v2\/product_cat?post=4180"},{"taxonomy":"product_tag","embeddable":true,"href":"https:\/\/rubi.com.py\/index.php\/wp-json\/wp\/v2\/product_tag?post=4180"}],"curies":[{"name":"wp","href":"https:\/\/api.w.org\/{rel}","templated":true}]}}