{"id":4182,"date":"2026-04-20T00:30:26","date_gmt":"2026-04-19T22:30:26","guid":{"rendered":"https:\/\/rubi.com.py\/index.php\/producto\/set-de-recipientes-plasticos-x24-croix-crt-009\/"},"modified":"2026-04-20T00:30:26","modified_gmt":"2026-04-19T22:30:26","slug":"set-de-recipientes-plasticos-x24-croix-crt-009","status":"publish","type":"product","link":"https:\/\/rubi.com.py\/index.php\/producto\/set-de-recipientes-plasticos-x24-croix-crt-009\/","title":{"rendered":"SET DE RECIPIENTES PL\u00c1STICOS X24 CROIX CRT-009"},"content":{"rendered":"<p>SET DE RECIPIENTES PL\u00c1STICOS X24 CROIX CRT-009 Caracter\u00edsticas: \u00b7 Recipientes de almacenamiento multiprop\u00f3sitos \u00b7 Ideal para el transporte o almacenamiento de alimentos \u00b7 Juego de 24 recipientes con tapa \u00b7 Reutilizables \u00b7 Resistentes a manchas y olores \u00b7 Dise\u00f1o apilable: permite ahorrar espacio y mejorar la organizaci\u00f3n de la cocina \u00b7 Dise\u00f1o transl\u00facido: permite una f\u00e1cil identificaci\u00f3n de los contenidos \u00b7 Material: pl\u00e1stico<\/p>\n","protected":false},"excerpt":{"rendered":"<p>SET DE RECIPIENTES PL\u00c1STICOS X24 CROIX CRT-009<\/p>\n","protected":false},"featured_media":4181,"comment_status":"open","ping_status":"closed","template":"","meta":{"_et_pb_use_builder":"","_et_pb_old_content":"","_et_gb_content_width":""},"product_brand":[],"product_cat":[33],"product_tag":[],"class_list":{"0":"post-4182","1":"product","2":"type-product","3":"status-publish","4":"has-post-thumbnail","6":"product_cat-cocina-y-comedor","8":"first","9":"instock","10":"shipping-taxable","11":"purchasable","12":"product-type-simple"},"_links":{"self":[{"href":"https:\/\/rubi.com.py\/index.php\/wp-json\/wp\/v2\/product\/4182","targetHints":{"allow":["GET"]}}],"collection":[{"href":"https:\/\/rubi.com.py\/index.php\/wp-json\/wp\/v2\/product"}],"about":[{"href":"https:\/\/rubi.com.py\/index.php\/wp-json\/wp\/v2\/types\/product"}],"replies":[{"embeddable":true,"href":"https:\/\/rubi.com.py\/index.php\/wp-json\/wp\/v2\/comments?post=4182"}],"wp:featuredmedia":[{"embeddable":true,"href":"https:\/\/rubi.com.py\/index.php\/wp-json\/wp\/v2\/media\/4181"}],"wp:attachment":[{"href":"https:\/\/rubi.com.py\/index.php\/wp-json\/wp\/v2\/media?parent=4182"}],"wp:term":[{"taxonomy":"product_brand","embeddable":true,"href":"https:\/\/rubi.com.py\/index.php\/wp-json\/wp\/v2\/product_brand?post=4182"},{"taxonomy":"product_cat","embeddable":true,"href":"https:\/\/rubi.com.py\/index.php\/wp-json\/wp\/v2\/product_cat?post=4182"},{"taxonomy":"product_tag","embeddable":true,"href":"https:\/\/rubi.com.py\/index.php\/wp-json\/wp\/v2\/product_tag?post=4182"}],"curies":[{"name":"wp","href":"https:\/\/api.w.org\/{rel}","templated":true}]}}