{"id":419,"date":"2025-09-17T22:22:01","date_gmt":"2025-09-17T20:22:01","guid":{"rendered":"https:\/\/rubi.com.py\/index.php\/producto\/secador-de-pelo-remington-mod-d3190-damage-protection-2200w-2veloc\/"},"modified":"2026-04-20T22:22:08","modified_gmt":"2026-04-20T20:22:08","slug":"secador-de-pelo-remington-mod-d3190-damage-protection-2200w-2veloc","status":"publish","type":"product","link":"https:\/\/rubi.com.py\/index.php\/producto\/secador-de-pelo-remington-mod-d3190-damage-protection-2200w-2veloc\/","title":{"rendered":"SECADOR DE PELO REMINGTON MOD D3190 DAMAGE PROTECTION 2200W 2VELOC"},"content":{"rendered":"<p>* Rejilla Delantera infundida de Cer\u00e1mica, Iones y Turmalina. * 3 ajustes de Temperatura. * Concentrador de calor. * Peinado libre de frizz. * Gancho para colgar. * Filtro desmontable. * Bot\u00f3n de Aire Fr\u00edo. * Potente secador. * Secado r\u00e1pido. * 2 velocidades. * 2200W. 220V. * Cool Shot. * Motor DC. * Difusor. Im\u00e1genes meramente ilustrativas. Im\u00e1genes e informaci\u00f3n sujetas a cambios sin previo aviso. Detalles t\u00e9cnicos: \u2022 ANCHO: 11,5 CM \u2022 ALTO: 24 CM \u2022 LARGO: 29,5 CM \u2022 PESO: 416 GR<\/p>\n","protected":false},"excerpt":{"rendered":"<p>* Rejilla Delantera infundida de Cer\u00e1mica, Iones y Turmalina. * 3 ajustes de Temperatura. * Concentrador de calor. * Peinado libre de frizz. * Gancho para colgar. * Filtro desmontable. * Bot\u00f3n de Aire Fr\u00edo. * Potente secador. * Secado r\u00e1pido. * 2 velocidades. * 2200W. 220V. * Cool Shot. * Motor DC. * Difusor. Im\u00e1genes meramente ilustrativas. Im\u00e1genes e informaci\u00f3n sujetas a cambios sin previo aviso.<\/p>\n","protected":false},"featured_media":4633,"comment_status":"open","ping_status":"closed","template":"","meta":{"_et_pb_use_builder":"","_et_pb_old_content":"","_et_gb_content_width":""},"product_brand":[],"product_cat":[45],"product_tag":[],"class_list":{"0":"post-419","1":"product","2":"type-product","3":"status-publish","4":"has-post-thumbnail","6":"product_cat-salud-y-belleza","8":"first","9":"instock","10":"shipping-taxable","11":"purchasable","12":"product-type-simple"},"_links":{"self":[{"href":"https:\/\/rubi.com.py\/index.php\/wp-json\/wp\/v2\/product\/419","targetHints":{"allow":["GET"]}}],"collection":[{"href":"https:\/\/rubi.com.py\/index.php\/wp-json\/wp\/v2\/product"}],"about":[{"href":"https:\/\/rubi.com.py\/index.php\/wp-json\/wp\/v2\/types\/product"}],"replies":[{"embeddable":true,"href":"https:\/\/rubi.com.py\/index.php\/wp-json\/wp\/v2\/comments?post=419"}],"wp:featuredmedia":[{"embeddable":true,"href":"https:\/\/rubi.com.py\/index.php\/wp-json\/wp\/v2\/media\/4633"}],"wp:attachment":[{"href":"https:\/\/rubi.com.py\/index.php\/wp-json\/wp\/v2\/media?parent=419"}],"wp:term":[{"taxonomy":"product_brand","embeddable":true,"href":"https:\/\/rubi.com.py\/index.php\/wp-json\/wp\/v2\/product_brand?post=419"},{"taxonomy":"product_cat","embeddable":true,"href":"https:\/\/rubi.com.py\/index.php\/wp-json\/wp\/v2\/product_cat?post=419"},{"taxonomy":"product_tag","embeddable":true,"href":"https:\/\/rubi.com.py\/index.php\/wp-json\/wp\/v2\/product_tag?post=419"}],"curies":[{"name":"wp","href":"https:\/\/api.w.org\/{rel}","templated":true}]}}