{"id":4191,"date":"2026-04-20T00:32:31","date_gmt":"2026-04-19T22:32:31","guid":{"rendered":"https:\/\/rubi.com.py\/index.php\/producto\/perchero-doble-decoteam-ddr-012-blanco\/"},"modified":"2026-04-20T00:32:31","modified_gmt":"2026-04-19T22:32:31","slug":"perchero-doble-decoteam-ddr-012-blanco","status":"publish","type":"product","link":"https:\/\/rubi.com.py\/index.php\/producto\/perchero-doble-decoteam-ddr-012-blanco\/","title":{"rendered":"PERCHERO DOBLE DECOTEAM DDR-012 BLANCO"},"content":{"rendered":"<p>PERCHERO DOBLE DECOTEAM DDR-012 BLANCO Caracter\u00edsticas: \u00b7 Uso multifunci\u00f3n: Tiene un estilo moderno de rejilla de metal lo que lo hace muy vers\u00e1til. Ideal para tu sala de estar, dormitorio, habitaci\u00f3n de los ni\u00f1os, pasillo o cocina. Perfecto como estante de almacenamiento para ropa, libros, zapatos, juguetes, bolsos, manualidades y plantas en macetas. \u00b7 Estructura de alta calidad: Sus paneles de malla de metal resistente brindan una estructura s\u00f3lida y duradera, permitiendo que coloques libros, decoraciones, art\u00edculos de oficina y mucho m\u00e1s; los conectores de pl\u00e1stico ABS asegura toda la estructura firmemente. Cada cubo est\u00e1 dise\u00f1ado para soportar hasta 1Kg, brind\u00e1ndote una gran capacidad para satisfacer tus diferentes necesidades de almacenamiento. \u00b7 Montaje r\u00e1pido y f\u00e1cil: El montaje de esta estanter\u00eda es r\u00e1pido y sencillo. No se requieren herramientas especiales, ya que los paneles se ensamblan f\u00e1cilmente entre s\u00ed. \u00b7 Variedad de modos de ensamblaje. \u00b7 Tama\u00f1o por cubo: 35 x 35cm. \u00b7 Dimensiones: 122 x 64 x 34cm. \u00b7 Incluye: gancho y mazo para ensamblar. \u00b7 Color: Negro.<\/p>\n","protected":false},"excerpt":{"rendered":"<p>PERCHERO DOBLE DECOTEAM DDR-012 BLANCO<\/p>\n","protected":false},"featured_media":4190,"comment_status":"open","ping_status":"closed","template":"","meta":{"_et_pb_use_builder":"","_et_pb_old_content":"","_et_gb_content_width":""},"product_brand":[],"product_cat":[42],"product_tag":[],"class_list":{"0":"post-4191","1":"product","2":"type-product","3":"status-publish","4":"has-post-thumbnail","6":"product_cat-muebles","8":"first","9":"instock","10":"shipping-taxable","11":"purchasable","12":"product-type-simple"},"_links":{"self":[{"href":"https:\/\/rubi.com.py\/index.php\/wp-json\/wp\/v2\/product\/4191","targetHints":{"allow":["GET"]}}],"collection":[{"href":"https:\/\/rubi.com.py\/index.php\/wp-json\/wp\/v2\/product"}],"about":[{"href":"https:\/\/rubi.com.py\/index.php\/wp-json\/wp\/v2\/types\/product"}],"replies":[{"embeddable":true,"href":"https:\/\/rubi.com.py\/index.php\/wp-json\/wp\/v2\/comments?post=4191"}],"wp:featuredmedia":[{"embeddable":true,"href":"https:\/\/rubi.com.py\/index.php\/wp-json\/wp\/v2\/media\/4190"}],"wp:attachment":[{"href":"https:\/\/rubi.com.py\/index.php\/wp-json\/wp\/v2\/media?parent=4191"}],"wp:term":[{"taxonomy":"product_brand","embeddable":true,"href":"https:\/\/rubi.com.py\/index.php\/wp-json\/wp\/v2\/product_brand?post=4191"},{"taxonomy":"product_cat","embeddable":true,"href":"https:\/\/rubi.com.py\/index.php\/wp-json\/wp\/v2\/product_cat?post=4191"},{"taxonomy":"product_tag","embeddable":true,"href":"https:\/\/rubi.com.py\/index.php\/wp-json\/wp\/v2\/product_tag?post=4191"}],"curies":[{"name":"wp","href":"https:\/\/api.w.org\/{rel}","templated":true}]}}