{"id":4200,"date":"2026-04-20T00:34:11","date_gmt":"2026-04-19T22:34:11","guid":{"rendered":"https:\/\/rubi.com.py\/index.php\/producto\/power-bank-10-000mah-kcp-634-blanco\/"},"modified":"2026-04-20T00:34:11","modified_gmt":"2026-04-19T22:34:11","slug":"power-bank-10-000mah-kcp-634-blanco","status":"publish","type":"product","link":"https:\/\/rubi.com.py\/index.php\/producto\/power-bank-10-000mah-kcp-634-blanco\/","title":{"rendered":"POWER BANK 10.000MAH KCP-634 BLANCO"},"content":{"rendered":"<p>POWER BANK 10.000MAH KCP-634 BLANCO Caracter\u00edsticas: -Power Bank de 10.000mAh reales,. -Tecnolog\u00eda Qualcomm carga r\u00e1pida (PD\/QC3.0). -Con display indicador de % de carga. -2 USB + Tipo C.<\/p>\n","protected":false},"excerpt":{"rendered":"<p>POWER BANK 10.000MAH KCP-634 BLANCO<\/p>\n","protected":false},"featured_media":4199,"comment_status":"open","ping_status":"closed","template":"","meta":{"_et_pb_use_builder":"","_et_pb_old_content":"","_et_gb_content_width":""},"product_brand":[],"product_cat":[46],"product_tag":[],"class_list":{"0":"post-4200","1":"product","2":"type-product","3":"status-publish","4":"has-post-thumbnail","6":"product_cat-tecnologia","8":"first","9":"instock","10":"shipping-taxable","11":"purchasable","12":"product-type-simple"},"_links":{"self":[{"href":"https:\/\/rubi.com.py\/index.php\/wp-json\/wp\/v2\/product\/4200","targetHints":{"allow":["GET"]}}],"collection":[{"href":"https:\/\/rubi.com.py\/index.php\/wp-json\/wp\/v2\/product"}],"about":[{"href":"https:\/\/rubi.com.py\/index.php\/wp-json\/wp\/v2\/types\/product"}],"replies":[{"embeddable":true,"href":"https:\/\/rubi.com.py\/index.php\/wp-json\/wp\/v2\/comments?post=4200"}],"wp:featuredmedia":[{"embeddable":true,"href":"https:\/\/rubi.com.py\/index.php\/wp-json\/wp\/v2\/media\/4199"}],"wp:attachment":[{"href":"https:\/\/rubi.com.py\/index.php\/wp-json\/wp\/v2\/media?parent=4200"}],"wp:term":[{"taxonomy":"product_brand","embeddable":true,"href":"https:\/\/rubi.com.py\/index.php\/wp-json\/wp\/v2\/product_brand?post=4200"},{"taxonomy":"product_cat","embeddable":true,"href":"https:\/\/rubi.com.py\/index.php\/wp-json\/wp\/v2\/product_cat?post=4200"},{"taxonomy":"product_tag","embeddable":true,"href":"https:\/\/rubi.com.py\/index.php\/wp-json\/wp\/v2\/product_tag?post=4200"}],"curies":[{"name":"wp","href":"https:\/\/api.w.org\/{rel}","templated":true}]}}