{"id":421,"date":"2025-09-17T22:22:08","date_gmt":"2025-09-17T20:22:08","guid":{"rendered":"https:\/\/rubi.com.py\/index.php\/producto\/secarropas-colgante-tokyo-dry-8kgs-con-9-espacios-para-colgar-65c-antiarrugas\/"},"modified":"2026-04-20T22:22:48","modified_gmt":"2026-04-20T20:22:48","slug":"secarropas-colgante-tokyo-dry-8kgs-con-9-espacios-para-colgar-65c-antiarrugas","status":"publish","type":"product","link":"https:\/\/rubi.com.py\/index.php\/producto\/secarropas-colgante-tokyo-dry-8kgs-con-9-espacios-para-colgar-65c-antiarrugas\/","title":{"rendered":"SECARROPAS COLGANTE TOKYO DRY 8KGS CON 9 ESPACIOS PARA COLGAR 65\u00b0C + ANTIARRUGAS"},"content":{"rendered":"<p>* Capacidad 8 Kg de ropa centr\u00edfugada. * Funci\u00f3n Antiarrugas. * Temperatura m\u00e1xima 65\u00b0C. * Temporizador de 120min. * Secarropas Colgante con Bolsa. * 9 espacios para colgar. * Incluye perchas y varillas. * Potencia 1.150 W. * Peso 5.5 Kg. MEDIDAS DEL PRODUCTO. * Alto 96cm. * Ancho 47cm. * Profundidad 51cm. IMAGEN ILUSTRATIVA. Detalles t\u00e9cnicos: \u2022 ANCHO: 22 CM \u2022 ALTO: 52,5 CM \u2022 LARGO: 50 CM \u2022 PESO: 5500 GR<\/p>\n","protected":false},"excerpt":{"rendered":"<p>* Capacidad 8 Kg de ropa centr\u00edfugada. * Funci\u00f3n Antiarrugas. * Temperatura m\u00e1xima 65\u00b0C. * Temporizador de 120min. * Secarropas Colgante con Bolsa. * 9 espacios para colgar. * Incluye perchas y varillas. * Potencia 1.150 W. * Peso 5.5 Kg. MEDIDAS DEL PRODUCTO. * Alto 96cm. * Ancho 47cm. * Profundidad 51cm. IMAGEN ILUSTRATIVA.<\/p>\n","protected":false},"featured_media":4634,"comment_status":"open","ping_status":"closed","template":"","meta":{"_et_pb_use_builder":"","_et_pb_old_content":"","_et_gb_content_width":""},"product_brand":[],"product_cat":[41],"product_tag":[],"class_list":{"0":"post-421","1":"product","2":"type-product","3":"status-publish","4":"has-post-thumbnail","6":"product_cat-lavado-y-cuidado-de-prendas","8":"first","9":"instock","10":"shipping-taxable","11":"purchasable","12":"product-type-simple"},"_links":{"self":[{"href":"https:\/\/rubi.com.py\/index.php\/wp-json\/wp\/v2\/product\/421","targetHints":{"allow":["GET"]}}],"collection":[{"href":"https:\/\/rubi.com.py\/index.php\/wp-json\/wp\/v2\/product"}],"about":[{"href":"https:\/\/rubi.com.py\/index.php\/wp-json\/wp\/v2\/types\/product"}],"replies":[{"embeddable":true,"href":"https:\/\/rubi.com.py\/index.php\/wp-json\/wp\/v2\/comments?post=421"}],"wp:featuredmedia":[{"embeddable":true,"href":"https:\/\/rubi.com.py\/index.php\/wp-json\/wp\/v2\/media\/4634"}],"wp:attachment":[{"href":"https:\/\/rubi.com.py\/index.php\/wp-json\/wp\/v2\/media?parent=421"}],"wp:term":[{"taxonomy":"product_brand","embeddable":true,"href":"https:\/\/rubi.com.py\/index.php\/wp-json\/wp\/v2\/product_brand?post=421"},{"taxonomy":"product_cat","embeddable":true,"href":"https:\/\/rubi.com.py\/index.php\/wp-json\/wp\/v2\/product_cat?post=421"},{"taxonomy":"product_tag","embeddable":true,"href":"https:\/\/rubi.com.py\/index.php\/wp-json\/wp\/v2\/product_tag?post=421"}],"curies":[{"name":"wp","href":"https:\/\/api.w.org\/{rel}","templated":true}]}}