{"id":4216,"date":"2026-04-20T13:32:26","date_gmt":"2026-04-20T11:32:26","guid":{"rendered":"https:\/\/rubi.com.py\/index.php\/producto\/monitor-curvo-31-5-full-hd-kes-630\/"},"modified":"2026-04-20T13:32:26","modified_gmt":"2026-04-20T11:32:26","slug":"monitor-curvo-31-5-full-hd-kes-630","status":"publish","type":"product","link":"https:\/\/rubi.com.py\/index.php\/producto\/monitor-curvo-31-5-full-hd-kes-630\/","title":{"rendered":"MONITOR CURVO 31.5&#8243; FULL HD KES-630"},"content":{"rendered":"<p>MONITOR CURVO 31.5&#8243; FULL HD KES-630 Caracter\u00edsticas: -Resoluci\u00f3n: Full HD 1920\u00d71080. -Frecuencia de escaneo: 165Hz. -Tiempo de respuesta: 1ms (MPRT). -\u00c1ngulo de inclinaci\u00f3n -5\u00b0 a + 15\u00b0. -VESA 100\u00d7100 cm.\u00b7 Kenstington lock. -Flicker-Free.\u00b7 Freeysnc. -Filtro luz azul.\u00b7 G-sync. -Conexiones: HDMI, DP, Audio, DC. -Incluye: Cable HDMI y Adaptador.<\/p>\n","protected":false},"excerpt":{"rendered":"<p>MONITOR CURVO 31.5&#8243; FULL HD KES-630<\/p>\n","protected":false},"featured_media":4215,"comment_status":"open","ping_status":"closed","template":"","meta":{"_et_pb_use_builder":"","_et_pb_old_content":"","_et_gb_content_width":""},"product_brand":[],"product_cat":[46],"product_tag":[],"class_list":{"0":"post-4216","1":"product","2":"type-product","3":"status-publish","4":"has-post-thumbnail","6":"product_cat-tecnologia","8":"first","9":"instock","10":"shipping-taxable","11":"purchasable","12":"product-type-simple"},"_links":{"self":[{"href":"https:\/\/rubi.com.py\/index.php\/wp-json\/wp\/v2\/product\/4216","targetHints":{"allow":["GET"]}}],"collection":[{"href":"https:\/\/rubi.com.py\/index.php\/wp-json\/wp\/v2\/product"}],"about":[{"href":"https:\/\/rubi.com.py\/index.php\/wp-json\/wp\/v2\/types\/product"}],"replies":[{"embeddable":true,"href":"https:\/\/rubi.com.py\/index.php\/wp-json\/wp\/v2\/comments?post=4216"}],"wp:featuredmedia":[{"embeddable":true,"href":"https:\/\/rubi.com.py\/index.php\/wp-json\/wp\/v2\/media\/4215"}],"wp:attachment":[{"href":"https:\/\/rubi.com.py\/index.php\/wp-json\/wp\/v2\/media?parent=4216"}],"wp:term":[{"taxonomy":"product_brand","embeddable":true,"href":"https:\/\/rubi.com.py\/index.php\/wp-json\/wp\/v2\/product_brand?post=4216"},{"taxonomy":"product_cat","embeddable":true,"href":"https:\/\/rubi.com.py\/index.php\/wp-json\/wp\/v2\/product_cat?post=4216"},{"taxonomy":"product_tag","embeddable":true,"href":"https:\/\/rubi.com.py\/index.php\/wp-json\/wp\/v2\/product_tag?post=4216"}],"curies":[{"name":"wp","href":"https:\/\/api.w.org\/{rel}","templated":true}]}}