{"id":4229,"date":"2026-04-20T13:47:11","date_gmt":"2026-04-20T11:47:11","guid":{"rendered":"https:\/\/rubi.com.py\/index.php\/producto\/cortadora-de-cesped-nappo-electrica-nhj-146\/"},"modified":"2026-04-20T13:47:11","modified_gmt":"2026-04-20T11:47:11","slug":"cortadora-de-cesped-nappo-electrica-nhj-146","status":"publish","type":"product","link":"https:\/\/rubi.com.py\/index.php\/producto\/cortadora-de-cesped-nappo-electrica-nhj-146\/","title":{"rendered":"CORTADORA DE CESPED NAPPO ELECTRICA NHJ-146"},"content":{"rendered":"<p>CORTADORA DE CESPED NAPPO ELECTRICA NHJ-146 Caracter\u00edsticas: -Velocidad: 3.500 rpm. -Di\u00e1metro de corte: 32 cm. -Bolsa de recolecci\u00f3n de 25L. -3 niveles de altura de corte ajustable. -\u00cdndice de protecci\u00f3n: IPX4.<\/p>\n","protected":false},"excerpt":{"rendered":"<p>CORTADORA DE CESPED NAPPO ELECTRICA NHJ-146<\/p>\n","protected":false},"featured_media":4228,"comment_status":"open","ping_status":"closed","template":"","meta":{"_et_pb_use_builder":"","_et_pb_old_content":"","_et_gb_content_width":""},"product_brand":[],"product_cat":[30,36],"product_tag":[],"class_list":{"0":"post-4229","1":"product","2":"type-product","3":"status-publish","4":"has-post-thumbnail","6":"product_cat-actividades-al-aire-libre","7":"product_cat-ferreteria","9":"first","10":"instock","11":"shipping-taxable","12":"purchasable","13":"product-type-simple"},"_links":{"self":[{"href":"https:\/\/rubi.com.py\/index.php\/wp-json\/wp\/v2\/product\/4229","targetHints":{"allow":["GET"]}}],"collection":[{"href":"https:\/\/rubi.com.py\/index.php\/wp-json\/wp\/v2\/product"}],"about":[{"href":"https:\/\/rubi.com.py\/index.php\/wp-json\/wp\/v2\/types\/product"}],"replies":[{"embeddable":true,"href":"https:\/\/rubi.com.py\/index.php\/wp-json\/wp\/v2\/comments?post=4229"}],"wp:featuredmedia":[{"embeddable":true,"href":"https:\/\/rubi.com.py\/index.php\/wp-json\/wp\/v2\/media\/4228"}],"wp:attachment":[{"href":"https:\/\/rubi.com.py\/index.php\/wp-json\/wp\/v2\/media?parent=4229"}],"wp:term":[{"taxonomy":"product_brand","embeddable":true,"href":"https:\/\/rubi.com.py\/index.php\/wp-json\/wp\/v2\/product_brand?post=4229"},{"taxonomy":"product_cat","embeddable":true,"href":"https:\/\/rubi.com.py\/index.php\/wp-json\/wp\/v2\/product_cat?post=4229"},{"taxonomy":"product_tag","embeddable":true,"href":"https:\/\/rubi.com.py\/index.php\/wp-json\/wp\/v2\/product_tag?post=4229"}],"curies":[{"name":"wp","href":"https:\/\/api.w.org\/{rel}","templated":true}]}}