{"id":4238,"date":"2026-04-20T13:50:08","date_gmt":"2026-04-20T11:50:08","guid":{"rendered":"https:\/\/rubi.com.py\/index.php\/producto\/licuadora-portatil-nappo-nel-150-negro\/"},"modified":"2026-04-20T13:50:08","modified_gmt":"2026-04-20T11:50:08","slug":"licuadora-portatil-nappo-nel-150-negro","status":"publish","type":"product","link":"https:\/\/rubi.com.py\/index.php\/producto\/licuadora-portatil-nappo-nel-150-negro\/","title":{"rendered":"LICUADORA PORTATIL NAPPO NEL-150 NEGRO"},"content":{"rendered":"<p>LICUADORA PORTATIL NAPPO NEL-150 NEGRO Caracter\u00edsticas: -Ideal para triturar frutas y verduras, elaborar batidos, jugos, aderezos, salsas, sopas fr\u00edas. -Pr\u00e1ctica y segura. -F\u00e1cil de limpiar. -F\u00e1cil de transportar. -Potencia: 1200W. -Cuchillas met\u00e1licas resistentes. -Pies antideslizantes. -Incluye: 2 vasos (500ml \/ 700ml) y 2 tapas. -Alimentaci\u00f3n: 220-240V ~ 50\/60Hz.<\/p>\n","protected":false},"excerpt":{"rendered":"<p>LICUADORA PORTATIL NAPPO NEL-150 NEGRO<\/p>\n","protected":false},"featured_media":4237,"comment_status":"open","ping_status":"closed","template":"","meta":{"_et_pb_use_builder":"","_et_pb_old_content":"","_et_gb_content_width":""},"product_brand":[],"product_cat":[33],"product_tag":[],"class_list":{"0":"post-4238","1":"product","2":"type-product","3":"status-publish","4":"has-post-thumbnail","6":"product_cat-cocina-y-comedor","8":"first","9":"instock","10":"shipping-taxable","11":"purchasable","12":"product-type-simple"},"_links":{"self":[{"href":"https:\/\/rubi.com.py\/index.php\/wp-json\/wp\/v2\/product\/4238","targetHints":{"allow":["GET"]}}],"collection":[{"href":"https:\/\/rubi.com.py\/index.php\/wp-json\/wp\/v2\/product"}],"about":[{"href":"https:\/\/rubi.com.py\/index.php\/wp-json\/wp\/v2\/types\/product"}],"replies":[{"embeddable":true,"href":"https:\/\/rubi.com.py\/index.php\/wp-json\/wp\/v2\/comments?post=4238"}],"wp:featuredmedia":[{"embeddable":true,"href":"https:\/\/rubi.com.py\/index.php\/wp-json\/wp\/v2\/media\/4237"}],"wp:attachment":[{"href":"https:\/\/rubi.com.py\/index.php\/wp-json\/wp\/v2\/media?parent=4238"}],"wp:term":[{"taxonomy":"product_brand","embeddable":true,"href":"https:\/\/rubi.com.py\/index.php\/wp-json\/wp\/v2\/product_brand?post=4238"},{"taxonomy":"product_cat","embeddable":true,"href":"https:\/\/rubi.com.py\/index.php\/wp-json\/wp\/v2\/product_cat?post=4238"},{"taxonomy":"product_tag","embeddable":true,"href":"https:\/\/rubi.com.py\/index.php\/wp-json\/wp\/v2\/product_tag?post=4238"}],"curies":[{"name":"wp","href":"https:\/\/api.w.org\/{rel}","templated":true}]}}