{"id":4240,"date":"2026-04-20T13:50:33","date_gmt":"2026-04-20T11:50:33","guid":{"rendered":"https:\/\/rubi.com.py\/index.php\/producto\/mixer-de-mano-con-bateria-recargable-nem-151\/"},"modified":"2026-04-20T13:50:33","modified_gmt":"2026-04-20T11:50:33","slug":"mixer-de-mano-con-bateria-recargable-nem-151","status":"publish","type":"product","link":"https:\/\/rubi.com.py\/index.php\/producto\/mixer-de-mano-con-bateria-recargable-nem-151\/","title":{"rendered":"MIXER DE MANO CON BATERIA RECARGABLE NEM-151"},"content":{"rendered":"<p>MIXER DE MANO CON BATERIA RECARGABLE NEM-151 Caracter\u00edsticas: -Multifunci\u00f3n: Mixea, Bate, Procesa, Pica, Tritura. -Bater\u00eda recargable 7,4V. -Potencia: 100W. -Con accesorios intercambiables. -Incluye: Batidor, Picadora de 0,5L, Vaso transparente de 0,6L con tapa, Base de carga y Cable de carga.<\/p>\n","protected":false},"excerpt":{"rendered":"<p>MIXER DE MANO CON BATERIA RECARGABLE NEM-151<\/p>\n","protected":false},"featured_media":4239,"comment_status":"open","ping_status":"closed","template":"","meta":{"_et_pb_use_builder":"","_et_pb_old_content":"","_et_gb_content_width":""},"product_brand":[],"product_cat":[33],"product_tag":[],"class_list":{"0":"post-4240","1":"product","2":"type-product","3":"status-publish","4":"has-post-thumbnail","6":"product_cat-cocina-y-comedor","8":"first","9":"instock","10":"shipping-taxable","11":"purchasable","12":"product-type-simple"},"_links":{"self":[{"href":"https:\/\/rubi.com.py\/index.php\/wp-json\/wp\/v2\/product\/4240","targetHints":{"allow":["GET"]}}],"collection":[{"href":"https:\/\/rubi.com.py\/index.php\/wp-json\/wp\/v2\/product"}],"about":[{"href":"https:\/\/rubi.com.py\/index.php\/wp-json\/wp\/v2\/types\/product"}],"replies":[{"embeddable":true,"href":"https:\/\/rubi.com.py\/index.php\/wp-json\/wp\/v2\/comments?post=4240"}],"wp:featuredmedia":[{"embeddable":true,"href":"https:\/\/rubi.com.py\/index.php\/wp-json\/wp\/v2\/media\/4239"}],"wp:attachment":[{"href":"https:\/\/rubi.com.py\/index.php\/wp-json\/wp\/v2\/media?parent=4240"}],"wp:term":[{"taxonomy":"product_brand","embeddable":true,"href":"https:\/\/rubi.com.py\/index.php\/wp-json\/wp\/v2\/product_brand?post=4240"},{"taxonomy":"product_cat","embeddable":true,"href":"https:\/\/rubi.com.py\/index.php\/wp-json\/wp\/v2\/product_cat?post=4240"},{"taxonomy":"product_tag","embeddable":true,"href":"https:\/\/rubi.com.py\/index.php\/wp-json\/wp\/v2\/product_tag?post=4240"}],"curies":[{"name":"wp","href":"https:\/\/api.w.org\/{rel}","templated":true}]}}