{"id":4242,"date":"2026-04-20T13:51:02","date_gmt":"2026-04-20T11:51:02","guid":{"rendered":"https:\/\/rubi.com.py\/index.php\/producto\/set-de-recipientes-hermeticos-croix-16pcs-crt-006\/"},"modified":"2026-04-20T13:51:02","modified_gmt":"2026-04-20T11:51:02","slug":"set-de-recipientes-hermeticos-croix-16pcs-crt-006","status":"publish","type":"product","link":"https:\/\/rubi.com.py\/index.php\/producto\/set-de-recipientes-hermeticos-croix-16pcs-crt-006\/","title":{"rendered":"SET DE RECIPIENTES HERM\u00c9TICOS CROIX 16PCS CRT-006"},"content":{"rendered":"<p>SET DE RECIPIENTES HERM\u00c9TICOS CROIX 16PCS CRT-006 Caracter\u00edsticas: \u00b7 Recipientes multiprop\u00f3sitos. \u00b7 Dise\u00f1o apilables, transl\u00facidos y reutilizables.\u00b7 Resistentes a Manchas y Olores. \u00b7Material: Pl\u00e1stico. \u00b7 Incluye:2 pcs. de 1L3 pcs. de 840ml2 pcs. de 700ml2 pcs. de 550ml3 pcs. de 350ml1 pc. de 320ml1 pc. de 300ml2 pcs. 2 de 240ml<\/p>\n","protected":false},"excerpt":{"rendered":"<p>SET DE RECIPIENTES HERM\u00c9TICOS CROIX 16PCS CRT-006<\/p>\n","protected":false},"featured_media":4241,"comment_status":"open","ping_status":"closed","template":"","meta":{"_et_pb_use_builder":"","_et_pb_old_content":"","_et_gb_content_width":""},"product_brand":[],"product_cat":[33],"product_tag":[],"class_list":{"0":"post-4242","1":"product","2":"type-product","3":"status-publish","4":"has-post-thumbnail","6":"product_cat-cocina-y-comedor","8":"first","9":"instock","10":"shipping-taxable","11":"purchasable","12":"product-type-simple"},"_links":{"self":[{"href":"https:\/\/rubi.com.py\/index.php\/wp-json\/wp\/v2\/product\/4242","targetHints":{"allow":["GET"]}}],"collection":[{"href":"https:\/\/rubi.com.py\/index.php\/wp-json\/wp\/v2\/product"}],"about":[{"href":"https:\/\/rubi.com.py\/index.php\/wp-json\/wp\/v2\/types\/product"}],"replies":[{"embeddable":true,"href":"https:\/\/rubi.com.py\/index.php\/wp-json\/wp\/v2\/comments?post=4242"}],"wp:featuredmedia":[{"embeddable":true,"href":"https:\/\/rubi.com.py\/index.php\/wp-json\/wp\/v2\/media\/4241"}],"wp:attachment":[{"href":"https:\/\/rubi.com.py\/index.php\/wp-json\/wp\/v2\/media?parent=4242"}],"wp:term":[{"taxonomy":"product_brand","embeddable":true,"href":"https:\/\/rubi.com.py\/index.php\/wp-json\/wp\/v2\/product_brand?post=4242"},{"taxonomy":"product_cat","embeddable":true,"href":"https:\/\/rubi.com.py\/index.php\/wp-json\/wp\/v2\/product_cat?post=4242"},{"taxonomy":"product_tag","embeddable":true,"href":"https:\/\/rubi.com.py\/index.php\/wp-json\/wp\/v2\/product_tag?post=4242"}],"curies":[{"name":"wp","href":"https:\/\/api.w.org\/{rel}","templated":true}]}}