{"id":4266,"date":"2026-04-20T13:59:09","date_gmt":"2026-04-20T11:59:09","guid":{"rendered":"https:\/\/rubi.com.py\/index.php\/producto\/masajeador-corporal-nappo-npm-119\/"},"modified":"2026-04-20T13:59:09","modified_gmt":"2026-04-20T11:59:09","slug":"masajeador-corporal-nappo-npm-119","status":"publish","type":"product","link":"https:\/\/rubi.com.py\/index.php\/producto\/masajeador-corporal-nappo-npm-119\/","title":{"rendered":"MASAJEADOR CORPORAL NAPPO NPM-119"},"content":{"rendered":"<p>MASAJEADOR CORPORAL NAPPO NPM-119 Caracter\u00edsticas: -4 accesorios incluidos: cabezal rodillo, cabezal plano, cabezal ondulado, cabezal \u00e1spero. -Ajuste incremental de velocidad. -Velocidad de rotaci\u00f3n hasta 2500 RPM. -Dise\u00f1o de eje descentrado de 360\u00ba.<\/p>\n","protected":false},"excerpt":{"rendered":"<p>MASAJEADOR CORPORAL NAPPO NPM-119<\/p>\n","protected":false},"featured_media":4265,"comment_status":"open","ping_status":"closed","template":"","meta":{"_et_pb_use_builder":"","_et_pb_old_content":"","_et_gb_content_width":""},"product_brand":[],"product_cat":[45],"product_tag":[],"class_list":{"0":"post-4266","1":"product","2":"type-product","3":"status-publish","4":"has-post-thumbnail","6":"product_cat-salud-y-belleza","8":"first","9":"instock","10":"shipping-taxable","11":"purchasable","12":"product-type-simple"},"_links":{"self":[{"href":"https:\/\/rubi.com.py\/index.php\/wp-json\/wp\/v2\/product\/4266","targetHints":{"allow":["GET"]}}],"collection":[{"href":"https:\/\/rubi.com.py\/index.php\/wp-json\/wp\/v2\/product"}],"about":[{"href":"https:\/\/rubi.com.py\/index.php\/wp-json\/wp\/v2\/types\/product"}],"replies":[{"embeddable":true,"href":"https:\/\/rubi.com.py\/index.php\/wp-json\/wp\/v2\/comments?post=4266"}],"wp:featuredmedia":[{"embeddable":true,"href":"https:\/\/rubi.com.py\/index.php\/wp-json\/wp\/v2\/media\/4265"}],"wp:attachment":[{"href":"https:\/\/rubi.com.py\/index.php\/wp-json\/wp\/v2\/media?parent=4266"}],"wp:term":[{"taxonomy":"product_brand","embeddable":true,"href":"https:\/\/rubi.com.py\/index.php\/wp-json\/wp\/v2\/product_brand?post=4266"},{"taxonomy":"product_cat","embeddable":true,"href":"https:\/\/rubi.com.py\/index.php\/wp-json\/wp\/v2\/product_cat?post=4266"},{"taxonomy":"product_tag","embeddable":true,"href":"https:\/\/rubi.com.py\/index.php\/wp-json\/wp\/v2\/product_tag?post=4266"}],"curies":[{"name":"wp","href":"https:\/\/api.w.org\/{rel}","templated":true}]}}