{"id":4277,"date":"2026-04-20T14:01:14","date_gmt":"2026-04-20T12:01:14","guid":{"rendered":"https:\/\/rubi.com.py\/index.php\/producto\/freidora-digital-nappo-sin-aceite-57l-nef-129-c-visor-bk\/"},"modified":"2026-04-20T14:01:14","modified_gmt":"2026-04-20T12:01:14","slug":"freidora-digital-nappo-sin-aceite-57l-nef-129-c-visor-bk","status":"publish","type":"product","link":"https:\/\/rubi.com.py\/index.php\/producto\/freidora-digital-nappo-sin-aceite-57l-nef-129-c-visor-bk\/","title":{"rendered":"FREIDORA DIGITAL NAPPO SIN ACEITE 5,7L NEF-129 C\/VISOR BK"},"content":{"rendered":"<p>FREIDORA DIGITAL NAPPO SIN ACEITE 5,7L NEF-129 C\/VISOR BK Caracter\u00edsticas: -Freidora sin aceite (de aire). -Capacidad de 5,7 litros. -Potencia: 1500W. -Panel t\u00e1ctil digital. -12 programas preestablecidos. -Funci\u00f3n de precalentamiento. -Ventana de visualizaci\u00f3n transparente. -Control de temperatura: 80\u00ba a 200\u00b0C. -Temporizador digital de 60 minutos.<\/p>\n","protected":false},"excerpt":{"rendered":"<p>FREIDORA DIGITAL NAPPO SIN ACEITE 5,7L NEF-129 C\/VISOR BK<\/p>\n","protected":false},"featured_media":4276,"comment_status":"open","ping_status":"closed","template":"","meta":{"_et_pb_use_builder":"","_et_pb_old_content":"","_et_gb_content_width":""},"product_brand":[],"product_cat":[33],"product_tag":[],"class_list":{"0":"post-4277","1":"product","2":"type-product","3":"status-publish","4":"has-post-thumbnail","6":"product_cat-cocina-y-comedor","8":"first","9":"instock","10":"shipping-taxable","11":"purchasable","12":"product-type-simple"},"_links":{"self":[{"href":"https:\/\/rubi.com.py\/index.php\/wp-json\/wp\/v2\/product\/4277","targetHints":{"allow":["GET"]}}],"collection":[{"href":"https:\/\/rubi.com.py\/index.php\/wp-json\/wp\/v2\/product"}],"about":[{"href":"https:\/\/rubi.com.py\/index.php\/wp-json\/wp\/v2\/types\/product"}],"replies":[{"embeddable":true,"href":"https:\/\/rubi.com.py\/index.php\/wp-json\/wp\/v2\/comments?post=4277"}],"wp:featuredmedia":[{"embeddable":true,"href":"https:\/\/rubi.com.py\/index.php\/wp-json\/wp\/v2\/media\/4276"}],"wp:attachment":[{"href":"https:\/\/rubi.com.py\/index.php\/wp-json\/wp\/v2\/media?parent=4277"}],"wp:term":[{"taxonomy":"product_brand","embeddable":true,"href":"https:\/\/rubi.com.py\/index.php\/wp-json\/wp\/v2\/product_brand?post=4277"},{"taxonomy":"product_cat","embeddable":true,"href":"https:\/\/rubi.com.py\/index.php\/wp-json\/wp\/v2\/product_cat?post=4277"},{"taxonomy":"product_tag","embeddable":true,"href":"https:\/\/rubi.com.py\/index.php\/wp-json\/wp\/v2\/product_tag?post=4277"}],"curies":[{"name":"wp","href":"https:\/\/api.w.org\/{rel}","templated":true}]}}