{"id":428,"date":"2025-09-17T22:23:30","date_gmt":"2025-09-17T20:23:30","guid":{"rendered":"https:\/\/rubi.com.py\/index.php\/producto\/secarropas-maytag-mod-mde75pn-75lb-35kg-380-416v-50hz-3ph\/"},"modified":"2026-04-20T22:24:16","modified_gmt":"2026-04-20T20:24:16","slug":"secarropas-maytag-mod-mde75pn-75lb-35kg-380-416v-50hz-3ph","status":"publish","type":"product","link":"https:\/\/rubi.com.py\/index.php\/producto\/secarropas-maytag-mod-mde75pn-75lb-35kg-380-416v-50hz-3ph\/","title":{"rendered":"SECARROPAS MAYTAG MOD MDE75PN 75LB\/35KG 380-416V 50hz 3PH"},"content":{"rendered":"<p>* Los controles avanzados de la computadora le permiten programar los ciclos de secado, con los tiempos de secado deseados, temperaturas y enfriamiento. * El ciclo autom\u00e1tico evita el sobre-secado. * Funci\u00f3n anti ruido programable. * La pantalla muestra el tiempo restante en ciclo. * Apertura de puerta extra grande. * Compartimiento extra\u00edble de pelusa. * Dise\u00f1o de f\u00e1cil acceso para autoservicio c\u00f3modo. * Secado autom\u00e1tico y funci\u00f3n de tiempo seco. * Voltaje 208-240 V. * Capacidad 34 kg. MEDIDAS DEL PRODUCTO. * Altura 1829 mm. * Profundidad1908 mm. * Ancho 1829 mm. IMAGEN ILUSTRATIVA. Detalles t\u00e9cnicos: \u2022 ANCHO: 41 CM \u2022 ALTO: 51 CM \u2022 LARGO: 81 CM \u2022 PESO: 385554 GR<\/p>\n","protected":false},"excerpt":{"rendered":"<p>* Los controles avanzados de la computadora le permiten programar los ciclos de secado, con los tiempos de secado deseados, temperaturas y enfriamiento. * El ciclo autom\u00e1tico evita el sobre-secado. * Funci\u00f3n anti ruido programable. * La pantalla muestra el tiempo restante en ciclo. * Apertura de puerta extra grande. * Compartimiento extra\u00edble de pelusa. * Dise\u00f1o de f\u00e1cil acceso para autoservicio c\u00f3modo. * Secado autom\u00e1tico y funci\u00f3n de tiempo seco. * Voltaje 208-240 V. * Capacidad 34 kg. MEDIDAS DEL PRODUCTO. * Altura 1829 mm. * Profundidad1908 mm. * Ancho 1829 mm. IMAGEN ILUSTRATIVA.<\/p>\n","protected":false},"featured_media":4638,"comment_status":"open","ping_status":"closed","template":"","meta":{"_et_pb_use_builder":"","_et_pb_old_content":"","_et_gb_content_width":""},"product_brand":[],"product_cat":[41],"product_tag":[],"class_list":{"0":"post-428","1":"product","2":"type-product","3":"status-publish","4":"has-post-thumbnail","6":"product_cat-lavado-y-cuidado-de-prendas","8":"first","9":"instock","10":"shipping-taxable","11":"purchasable","12":"product-type-simple"},"_links":{"self":[{"href":"https:\/\/rubi.com.py\/index.php\/wp-json\/wp\/v2\/product\/428","targetHints":{"allow":["GET"]}}],"collection":[{"href":"https:\/\/rubi.com.py\/index.php\/wp-json\/wp\/v2\/product"}],"about":[{"href":"https:\/\/rubi.com.py\/index.php\/wp-json\/wp\/v2\/types\/product"}],"replies":[{"embeddable":true,"href":"https:\/\/rubi.com.py\/index.php\/wp-json\/wp\/v2\/comments?post=428"}],"wp:featuredmedia":[{"embeddable":true,"href":"https:\/\/rubi.com.py\/index.php\/wp-json\/wp\/v2\/media\/4638"}],"wp:attachment":[{"href":"https:\/\/rubi.com.py\/index.php\/wp-json\/wp\/v2\/media?parent=428"}],"wp:term":[{"taxonomy":"product_brand","embeddable":true,"href":"https:\/\/rubi.com.py\/index.php\/wp-json\/wp\/v2\/product_brand?post=428"},{"taxonomy":"product_cat","embeddable":true,"href":"https:\/\/rubi.com.py\/index.php\/wp-json\/wp\/v2\/product_cat?post=428"},{"taxonomy":"product_tag","embeddable":true,"href":"https:\/\/rubi.com.py\/index.php\/wp-json\/wp\/v2\/product_tag?post=428"}],"curies":[{"name":"wp","href":"https:\/\/api.w.org\/{rel}","templated":true}]}}