{"id":4283,"date":"2026-04-20T14:06:20","date_gmt":"2026-04-20T12:06:20","guid":{"rendered":"https:\/\/rubi.com.py\/index.php\/producto\/soporte-elevador-de-monitor-o-laptop-multiuso-decoteam-dom-021\/"},"modified":"2026-04-20T14:06:20","modified_gmt":"2026-04-20T12:06:20","slug":"soporte-elevador-de-monitor-o-laptop-multiuso-decoteam-dom-021","status":"publish","type":"product","link":"https:\/\/rubi.com.py\/index.php\/producto\/soporte-elevador-de-monitor-o-laptop-multiuso-decoteam-dom-021\/","title":{"rendered":"SOPORTE ELEVADOR DE MONITOR O LAPTOP MULTIUSO DECOTEAM DOM-021"},"content":{"rendered":"<p>SOPORTE ELEVADOR DE MONITOR O LAPTOP MULTIUSO DECOTEAM DOM-021 Caracter\u00edsticas: &#8211; Puede ser utilizado como un soporte de monitor, impresora, computadora, port\u00e1til o como un estante. &#8211; Altura visual c\u00f3moda, reduce el dolor y la tensi\u00f3n en el cuello y la fatiga ocular. &#8211; Caj\u00f3n inferior deslizante. &#8211; Compartimentos laterales. &#8211; Material: Metal. &#8211; Dimensiones: 42.5 x 29.2 x 14.7 cm<\/p>\n","protected":false},"excerpt":{"rendered":"<p>SOPORTE ELEVADOR DE MONITOR O LAPTOP MULTIUSO DECOTEAM DOM-021<\/p>\n","protected":false},"featured_media":4282,"comment_status":"open","ping_status":"closed","template":"","meta":{"_et_pb_use_builder":"","_et_pb_old_content":"","_et_gb_content_width":""},"product_brand":[],"product_cat":[46],"product_tag":[],"class_list":{"0":"post-4283","1":"product","2":"type-product","3":"status-publish","4":"has-post-thumbnail","6":"product_cat-tecnologia","8":"first","9":"instock","10":"shipping-taxable","11":"purchasable","12":"product-type-simple"},"_links":{"self":[{"href":"https:\/\/rubi.com.py\/index.php\/wp-json\/wp\/v2\/product\/4283","targetHints":{"allow":["GET"]}}],"collection":[{"href":"https:\/\/rubi.com.py\/index.php\/wp-json\/wp\/v2\/product"}],"about":[{"href":"https:\/\/rubi.com.py\/index.php\/wp-json\/wp\/v2\/types\/product"}],"replies":[{"embeddable":true,"href":"https:\/\/rubi.com.py\/index.php\/wp-json\/wp\/v2\/comments?post=4283"}],"wp:featuredmedia":[{"embeddable":true,"href":"https:\/\/rubi.com.py\/index.php\/wp-json\/wp\/v2\/media\/4282"}],"wp:attachment":[{"href":"https:\/\/rubi.com.py\/index.php\/wp-json\/wp\/v2\/media?parent=4283"}],"wp:term":[{"taxonomy":"product_brand","embeddable":true,"href":"https:\/\/rubi.com.py\/index.php\/wp-json\/wp\/v2\/product_brand?post=4283"},{"taxonomy":"product_cat","embeddable":true,"href":"https:\/\/rubi.com.py\/index.php\/wp-json\/wp\/v2\/product_cat?post=4283"},{"taxonomy":"product_tag","embeddable":true,"href":"https:\/\/rubi.com.py\/index.php\/wp-json\/wp\/v2\/product_tag?post=4283"}],"curies":[{"name":"wp","href":"https:\/\/api.w.org\/{rel}","templated":true}]}}