{"id":4284,"date":"2026-04-20T14:06:44","date_gmt":"2026-04-20T12:06:44","guid":{"rendered":"https:\/\/rubi.com.py\/index.php\/producto\/set-de-4-piezas-organizador-de-cajon-decoteam-ddo-024\/"},"modified":"2026-04-20T14:06:49","modified_gmt":"2026-04-20T12:06:49","slug":"set-de-4-piezas-organizador-de-cajon-decoteam-ddo-024","status":"publish","type":"product","link":"https:\/\/rubi.com.py\/index.php\/producto\/set-de-4-piezas-organizador-de-cajon-decoteam-ddo-024\/","title":{"rendered":"SET DE 4 PIEZAS: ORGANIZADOR DE CAJ\u00d3N DECOTEAM DDO-024"},"content":{"rendered":"<p>SET DE 4 PIEZAS: ORGANIZADOR DE CAJ\u00d3N DECOTEAM DDO-024 Caracter\u00edsticas: &#8211; Set de 4 piezas. &#8211; Variedad de reparticiones y diferentes tama\u00f1os. &#8211; Ideal para organizar toda su ropa interior: medias, bombachas \/ calzoncillos, soutienes, pa\u00f1uelos, etc.<\/p>\n","protected":false},"excerpt":{"rendered":"<p>SET DE 4 PIEZAS: ORGANIZADOR DE CAJ\u00d3N DECOTEAM DDO-024<\/p>\n","protected":false},"featured_media":0,"comment_status":"open","ping_status":"closed","template":"","meta":{"_et_pb_use_builder":"","_et_pb_old_content":"","_et_gb_content_width":""},"product_brand":[],"product_cat":[42],"product_tag":[],"class_list":{"0":"post-4284","1":"product","2":"type-product","3":"status-publish","5":"product_cat-muebles","7":"first","8":"instock","9":"shipping-taxable","10":"purchasable","11":"product-type-simple"},"_links":{"self":[{"href":"https:\/\/rubi.com.py\/index.php\/wp-json\/wp\/v2\/product\/4284","targetHints":{"allow":["GET"]}}],"collection":[{"href":"https:\/\/rubi.com.py\/index.php\/wp-json\/wp\/v2\/product"}],"about":[{"href":"https:\/\/rubi.com.py\/index.php\/wp-json\/wp\/v2\/types\/product"}],"replies":[{"embeddable":true,"href":"https:\/\/rubi.com.py\/index.php\/wp-json\/wp\/v2\/comments?post=4284"}],"wp:attachment":[{"href":"https:\/\/rubi.com.py\/index.php\/wp-json\/wp\/v2\/media?parent=4284"}],"wp:term":[{"taxonomy":"product_brand","embeddable":true,"href":"https:\/\/rubi.com.py\/index.php\/wp-json\/wp\/v2\/product_brand?post=4284"},{"taxonomy":"product_cat","embeddable":true,"href":"https:\/\/rubi.com.py\/index.php\/wp-json\/wp\/v2\/product_cat?post=4284"},{"taxonomy":"product_tag","embeddable":true,"href":"https:\/\/rubi.com.py\/index.php\/wp-json\/wp\/v2\/product_tag?post=4284"}],"curies":[{"name":"wp","href":"https:\/\/api.w.org\/{rel}","templated":true}]}}