{"id":4291,"date":"2026-04-20T14:08:04","date_gmt":"2026-04-20T12:08:04","guid":{"rendered":"https:\/\/rubi.com.py\/index.php\/producto\/kit-de-herramientas-nappo-nhk-110-valija-499pcs\/"},"modified":"2026-04-20T14:08:04","modified_gmt":"2026-04-20T12:08:04","slug":"kit-de-herramientas-nappo-nhk-110-valija-499pcs","status":"publish","type":"product","link":"https:\/\/rubi.com.py\/index.php\/producto\/kit-de-herramientas-nappo-nhk-110-valija-499pcs\/","title":{"rendered":"KIT DE HERRAMIENTAS NAPPO NHK-110 VALIJA 499PCS"},"content":{"rendered":"<p>KIT DE HERRAMIENTAS NAPPO NHK-110 VALIJA 499PCS Caracter\u00edsticas: -Kit de 499 herramientas manuales. -Valija met\u00e1lica incluida. -Dimensiones: 38 x 50.5 x 52 cm. -F\u00e1cil transporte: Manija y ruedas.<\/p>\n","protected":false},"excerpt":{"rendered":"<p>KIT DE HERRAMIENTAS NAPPO NHK-110 VALIJA 499PCS<\/p>\n","protected":false},"featured_media":4290,"comment_status":"open","ping_status":"closed","template":"","meta":{"_et_pb_use_builder":"","_et_pb_old_content":"","_et_gb_content_width":""},"product_brand":[],"product_cat":[36],"product_tag":[],"class_list":{"0":"post-4291","1":"product","2":"type-product","3":"status-publish","4":"has-post-thumbnail","6":"product_cat-ferreteria","8":"first","9":"instock","10":"shipping-taxable","11":"purchasable","12":"product-type-simple"},"_links":{"self":[{"href":"https:\/\/rubi.com.py\/index.php\/wp-json\/wp\/v2\/product\/4291","targetHints":{"allow":["GET"]}}],"collection":[{"href":"https:\/\/rubi.com.py\/index.php\/wp-json\/wp\/v2\/product"}],"about":[{"href":"https:\/\/rubi.com.py\/index.php\/wp-json\/wp\/v2\/types\/product"}],"replies":[{"embeddable":true,"href":"https:\/\/rubi.com.py\/index.php\/wp-json\/wp\/v2\/comments?post=4291"}],"wp:featuredmedia":[{"embeddable":true,"href":"https:\/\/rubi.com.py\/index.php\/wp-json\/wp\/v2\/media\/4290"}],"wp:attachment":[{"href":"https:\/\/rubi.com.py\/index.php\/wp-json\/wp\/v2\/media?parent=4291"}],"wp:term":[{"taxonomy":"product_brand","embeddable":true,"href":"https:\/\/rubi.com.py\/index.php\/wp-json\/wp\/v2\/product_brand?post=4291"},{"taxonomy":"product_cat","embeddable":true,"href":"https:\/\/rubi.com.py\/index.php\/wp-json\/wp\/v2\/product_cat?post=4291"},{"taxonomy":"product_tag","embeddable":true,"href":"https:\/\/rubi.com.py\/index.php\/wp-json\/wp\/v2\/product_tag?post=4291"}],"curies":[{"name":"wp","href":"https:\/\/api.w.org\/{rel}","templated":true}]}}