{"id":4293,"date":"2026-04-20T14:08:35","date_gmt":"2026-04-20T12:08:35","guid":{"rendered":"https:\/\/rubi.com.py\/index.php\/producto\/caja-organizadora-decoteam-azul-dmo-023\/"},"modified":"2026-04-20T14:08:45","modified_gmt":"2026-04-20T12:08:45","slug":"caja-organizadora-decoteam-azul-dmo-023","status":"publish","type":"product","link":"https:\/\/rubi.com.py\/index.php\/producto\/caja-organizadora-decoteam-azul-dmo-023\/","title":{"rendered":"CAJA ORGANIZADORA DECOTEAM AZUL DMO-023"},"content":{"rendered":"<p>CAJA ORGANIZADORA DECOTEAM AZUL DMO-023 Caracter\u00edsticas: Dise\u00f1o compacto. Asa de transporte. Tela lavable a mano y transpirable. Plegable. Multiuso. Brinda comodidad, organizaci\u00f3n y practicidad. Resiste el polvo, la humedad y los desgarros. Gran durabilidad. Dimensiones: 27.9 x 26.6 x 26.6cm. Peso: 394g.<\/p>\n","protected":false},"excerpt":{"rendered":"<p>CAJA ORGANIZADORA DECOTEAM AZUL DMO-023<\/p>\n","protected":false},"featured_media":4294,"comment_status":"open","ping_status":"closed","template":"","meta":{"_et_pb_use_builder":"","_et_pb_old_content":"","_et_gb_content_width":""},"product_brand":[],"product_cat":[38,42],"product_tag":[],"class_list":{"0":"post-4293","1":"product","2":"type-product","3":"status-publish","4":"has-post-thumbnail","6":"product_cat-hogar-y-limpieza","7":"product_cat-muebles","9":"first","10":"instock","11":"shipping-taxable","12":"purchasable","13":"product-type-simple"},"_links":{"self":[{"href":"https:\/\/rubi.com.py\/index.php\/wp-json\/wp\/v2\/product\/4293","targetHints":{"allow":["GET"]}}],"collection":[{"href":"https:\/\/rubi.com.py\/index.php\/wp-json\/wp\/v2\/product"}],"about":[{"href":"https:\/\/rubi.com.py\/index.php\/wp-json\/wp\/v2\/types\/product"}],"replies":[{"embeddable":true,"href":"https:\/\/rubi.com.py\/index.php\/wp-json\/wp\/v2\/comments?post=4293"}],"wp:featuredmedia":[{"embeddable":true,"href":"https:\/\/rubi.com.py\/index.php\/wp-json\/wp\/v2\/media\/4294"}],"wp:attachment":[{"href":"https:\/\/rubi.com.py\/index.php\/wp-json\/wp\/v2\/media?parent=4293"}],"wp:term":[{"taxonomy":"product_brand","embeddable":true,"href":"https:\/\/rubi.com.py\/index.php\/wp-json\/wp\/v2\/product_brand?post=4293"},{"taxonomy":"product_cat","embeddable":true,"href":"https:\/\/rubi.com.py\/index.php\/wp-json\/wp\/v2\/product_cat?post=4293"},{"taxonomy":"product_tag","embeddable":true,"href":"https:\/\/rubi.com.py\/index.php\/wp-json\/wp\/v2\/product_tag?post=4293"}],"curies":[{"name":"wp","href":"https:\/\/api.w.org\/{rel}","templated":true}]}}