{"id":4296,"date":"2026-04-20T14:09:07","date_gmt":"2026-04-20T12:09:07","guid":{"rendered":"https:\/\/rubi.com.py\/index.php\/producto\/joystick-inalambrico-c-vibracion-para-ps4-kgj-582\/"},"modified":"2026-04-20T14:09:27","modified_gmt":"2026-04-20T12:09:27","slug":"joystick-inalambrico-c-vibracion-para-ps4-kgj-582","status":"publish","type":"product","link":"https:\/\/rubi.com.py\/index.php\/producto\/joystick-inalambrico-c-vibracion-para-ps4-kgj-582\/","title":{"rendered":"JOYSTICK INALAMBRICO C\/VIBRACION PARA PS4 KGJ-582"},"content":{"rendered":"<p>JOYSTICK INALAMBRICO C\/VIBRACION PARA PS4 KGJ-582 Caracter\u00edsticas: -Vibraci\u00f3n: 2 motores. -Compatible con PS4, PC, Android e IOS. -Funci\u00f3n de giroscopio de 6 ejes. -Touch pad Full function. -Puerto para auriculares Aux 3,5mm. -Incluye: Cable de carga.<\/p>\n","protected":false},"excerpt":{"rendered":"<p>JOYSTICK INALAMBRICO C\/VIBRACION PARA PS4 KGJ-582<\/p>\n","protected":false},"featured_media":4297,"comment_status":"open","ping_status":"closed","template":"","meta":{"_et_pb_use_builder":"","_et_pb_old_content":"","_et_gb_content_width":""},"product_brand":[],"product_cat":[37,46],"product_tag":[],"class_list":{"0":"post-4296","1":"product","2":"type-product","3":"status-publish","4":"has-post-thumbnail","6":"product_cat-gaming","7":"product_cat-tecnologia","9":"first","10":"instock","11":"shipping-taxable","12":"purchasable","13":"product-type-simple"},"_links":{"self":[{"href":"https:\/\/rubi.com.py\/index.php\/wp-json\/wp\/v2\/product\/4296","targetHints":{"allow":["GET"]}}],"collection":[{"href":"https:\/\/rubi.com.py\/index.php\/wp-json\/wp\/v2\/product"}],"about":[{"href":"https:\/\/rubi.com.py\/index.php\/wp-json\/wp\/v2\/types\/product"}],"replies":[{"embeddable":true,"href":"https:\/\/rubi.com.py\/index.php\/wp-json\/wp\/v2\/comments?post=4296"}],"wp:featuredmedia":[{"embeddable":true,"href":"https:\/\/rubi.com.py\/index.php\/wp-json\/wp\/v2\/media\/4297"}],"wp:attachment":[{"href":"https:\/\/rubi.com.py\/index.php\/wp-json\/wp\/v2\/media?parent=4296"}],"wp:term":[{"taxonomy":"product_brand","embeddable":true,"href":"https:\/\/rubi.com.py\/index.php\/wp-json\/wp\/v2\/product_brand?post=4296"},{"taxonomy":"product_cat","embeddable":true,"href":"https:\/\/rubi.com.py\/index.php\/wp-json\/wp\/v2\/product_cat?post=4296"},{"taxonomy":"product_tag","embeddable":true,"href":"https:\/\/rubi.com.py\/index.php\/wp-json\/wp\/v2\/product_tag?post=4296"}],"curies":[{"name":"wp","href":"https:\/\/api.w.org\/{rel}","templated":true}]}}