{"id":4299,"date":"2026-04-20T14:09:59","date_gmt":"2026-04-20T12:09:59","guid":{"rendered":"https:\/\/rubi.com.py\/index.php\/producto\/panel-de-pared-plastico-46pcs-nappo-nhc-113\/"},"modified":"2026-04-20T14:09:59","modified_gmt":"2026-04-20T12:09:59","slug":"panel-de-pared-plastico-46pcs-nappo-nhc-113","status":"publish","type":"product","link":"https:\/\/rubi.com.py\/index.php\/producto\/panel-de-pared-plastico-46pcs-nappo-nhc-113\/","title":{"rendered":"PANEL DE PARED PLASTICO 46PCS NAPPO NHC-113"},"content":{"rendered":"<p>PANEL DE PARED PLASTICO 46PCS NAPPO NHC-113 Caracter\u00edsticas: -Organizador y almacenamiento de herramientas para 46 piezas. -Apto para montaje en paredes -Material: pl\u00e1stico robusto resistente a impactos -F\u00e1cil instalaci\u00f3n<\/p>\n","protected":false},"excerpt":{"rendered":"<p>PANEL DE PARED PLASTICO 46PCS NAPPO NHC-113<\/p>\n","protected":false},"featured_media":4298,"comment_status":"open","ping_status":"closed","template":"","meta":{"_et_pb_use_builder":"","_et_pb_old_content":"","_et_gb_content_width":""},"product_brand":[],"product_cat":[38,42],"product_tag":[],"class_list":{"0":"post-4299","1":"product","2":"type-product","3":"status-publish","4":"has-post-thumbnail","6":"product_cat-hogar-y-limpieza","7":"product_cat-muebles","9":"first","10":"instock","11":"shipping-taxable","12":"purchasable","13":"product-type-simple"},"_links":{"self":[{"href":"https:\/\/rubi.com.py\/index.php\/wp-json\/wp\/v2\/product\/4299","targetHints":{"allow":["GET"]}}],"collection":[{"href":"https:\/\/rubi.com.py\/index.php\/wp-json\/wp\/v2\/product"}],"about":[{"href":"https:\/\/rubi.com.py\/index.php\/wp-json\/wp\/v2\/types\/product"}],"replies":[{"embeddable":true,"href":"https:\/\/rubi.com.py\/index.php\/wp-json\/wp\/v2\/comments?post=4299"}],"wp:featuredmedia":[{"embeddable":true,"href":"https:\/\/rubi.com.py\/index.php\/wp-json\/wp\/v2\/media\/4298"}],"wp:attachment":[{"href":"https:\/\/rubi.com.py\/index.php\/wp-json\/wp\/v2\/media?parent=4299"}],"wp:term":[{"taxonomy":"product_brand","embeddable":true,"href":"https:\/\/rubi.com.py\/index.php\/wp-json\/wp\/v2\/product_brand?post=4299"},{"taxonomy":"product_cat","embeddable":true,"href":"https:\/\/rubi.com.py\/index.php\/wp-json\/wp\/v2\/product_cat?post=4299"},{"taxonomy":"product_tag","embeddable":true,"href":"https:\/\/rubi.com.py\/index.php\/wp-json\/wp\/v2\/product_tag?post=4299"}],"curies":[{"name":"wp","href":"https:\/\/api.w.org\/{rel}","templated":true}]}}