{"id":430,"date":"2025-09-17T22:23:41","date_gmt":"2025-09-17T20:23:41","guid":{"rendered":"https:\/\/rubi.com.py\/index.php\/producto\/secarropas-tokyo-cecilia-tok9ceci-9kgs-blanco-c-display-led-16-prog-tambor-inox\/"},"modified":"2026-04-20T22:24:39","modified_gmt":"2026-04-20T20:24:39","slug":"secarropas-tokyo-cecilia-tok9ceci-9kgs-blanco-c-display-led-16-prog-tambor-inox","status":"publish","type":"product","link":"https:\/\/rubi.com.py\/index.php\/producto\/secarropas-tokyo-cecilia-tok9ceci-9kgs-blanco-c-display-led-16-prog-tambor-inox\/","title":{"rendered":"SECARROPAS TOKYO CECILIA TOK9CECI 9KGS BLANCO C\/DISPLAY LED.16 PROG. TAMBOR INOX"},"content":{"rendered":"<p>* Velocidad m\u00e1xima 1.400 rpm.<\/p>\n<p>* Categor\u00eda energ\u00e9tica A+++.<\/p>\n<p>* Temperatura m\u00e1xima 90\u00b0C.<\/p>\n<p>* Panel digital con pantalla.<\/p>\n<p>* 2.000W de potencia.<\/p>\n<p>* Bloqueo para ni\u00f1os. * Capacidad 9Kg.<\/p>\n<p>* 15 Programas. Im\u00e1genes meramente ilustrativas.<\/p>\n<p>Im\u00e1genes e informaci\u00f3n sujetas a cambios sin previo aviso. Detalles t\u00e9cnicos: \u2022 ANCHO: 60 CM \u2022 ALTO: 85 CM \u2022 LARGO: 56 CM \u2022 PESO: 33500 GR<\/p>\n","protected":false},"excerpt":{"rendered":"<p>* Velocidad m\u00e1xima 1.400 rpm.<\/p>\n<p>* Categor\u00eda energ\u00e9tica A+++.<\/p>\n<p>* Temperatura m\u00e1xima 90\u00b0C.<\/p>\n<p>* Panel digital con pantalla.<\/p>\n<p>* 2.000W de potencia.<\/p>\n<p>* Bloqueo para ni\u00f1os.<\/p>\n<p>* Capacidad 9Kg.<\/p>\n<p>* 15 Programas. Im\u00e1genes meramente ilustrativas.<\/p>\n<p>Im\u00e1genes e informaci\u00f3n sujetas a cambios sin previo aviso.<\/p>\n","protected":false},"featured_media":4639,"comment_status":"open","ping_status":"closed","template":"","meta":{"_et_pb_use_builder":"","_et_pb_old_content":"","_et_gb_content_width":""},"product_brand":[],"product_cat":[41],"product_tag":[],"class_list":{"0":"post-430","1":"product","2":"type-product","3":"status-publish","4":"has-post-thumbnail","6":"product_cat-lavado-y-cuidado-de-prendas","8":"first","9":"instock","10":"shipping-taxable","11":"purchasable","12":"product-type-simple"},"_links":{"self":[{"href":"https:\/\/rubi.com.py\/index.php\/wp-json\/wp\/v2\/product\/430","targetHints":{"allow":["GET"]}}],"collection":[{"href":"https:\/\/rubi.com.py\/index.php\/wp-json\/wp\/v2\/product"}],"about":[{"href":"https:\/\/rubi.com.py\/index.php\/wp-json\/wp\/v2\/types\/product"}],"replies":[{"embeddable":true,"href":"https:\/\/rubi.com.py\/index.php\/wp-json\/wp\/v2\/comments?post=430"}],"wp:featuredmedia":[{"embeddable":true,"href":"https:\/\/rubi.com.py\/index.php\/wp-json\/wp\/v2\/media\/4639"}],"wp:attachment":[{"href":"https:\/\/rubi.com.py\/index.php\/wp-json\/wp\/v2\/media?parent=430"}],"wp:term":[{"taxonomy":"product_brand","embeddable":true,"href":"https:\/\/rubi.com.py\/index.php\/wp-json\/wp\/v2\/product_brand?post=430"},{"taxonomy":"product_cat","embeddable":true,"href":"https:\/\/rubi.com.py\/index.php\/wp-json\/wp\/v2\/product_cat?post=430"},{"taxonomy":"product_tag","embeddable":true,"href":"https:\/\/rubi.com.py\/index.php\/wp-json\/wp\/v2\/product_tag?post=430"}],"curies":[{"name":"wp","href":"https:\/\/api.w.org\/{rel}","templated":true}]}}