{"id":4313,"date":"2026-04-20T14:13:29","date_gmt":"2026-04-20T12:13:29","guid":{"rendered":"https:\/\/rubi.com.py\/index.php\/producto\/teclado-numerico-inalambrico-ktn-544\/"},"modified":"2026-04-20T14:13:29","modified_gmt":"2026-04-20T12:13:29","slug":"teclado-numerico-inalambrico-ktn-544","status":"publish","type":"product","link":"https:\/\/rubi.com.py\/index.php\/producto\/teclado-numerico-inalambrico-ktn-544\/","title":{"rendered":"TECLADO NUMERICO INALAMBRICO KTN-544"},"content":{"rendered":"<p>TECLADO NUMERICO INALAMBRICO KTN-544 Caracter\u00edsticas: -Port\u00e1til. -19 teclas num\u00e9ricas. -Conexi\u00f3n inal\u00e1mbrica 2.4GHz. -Receptor USB. -Plug &amp; Play.<\/p>\n","protected":false},"excerpt":{"rendered":"<p>TECLADO NUMERICO INALAMBRICO KTN-544<\/p>\n","protected":false},"featured_media":4312,"comment_status":"open","ping_status":"closed","template":"","meta":{"_et_pb_use_builder":"","_et_pb_old_content":"","_et_gb_content_width":""},"product_brand":[],"product_cat":[46],"product_tag":[],"class_list":{"0":"post-4313","1":"product","2":"type-product","3":"status-publish","4":"has-post-thumbnail","6":"product_cat-tecnologia","8":"first","9":"instock","10":"shipping-taxable","11":"purchasable","12":"product-type-simple"},"_links":{"self":[{"href":"https:\/\/rubi.com.py\/index.php\/wp-json\/wp\/v2\/product\/4313","targetHints":{"allow":["GET"]}}],"collection":[{"href":"https:\/\/rubi.com.py\/index.php\/wp-json\/wp\/v2\/product"}],"about":[{"href":"https:\/\/rubi.com.py\/index.php\/wp-json\/wp\/v2\/types\/product"}],"replies":[{"embeddable":true,"href":"https:\/\/rubi.com.py\/index.php\/wp-json\/wp\/v2\/comments?post=4313"}],"wp:featuredmedia":[{"embeddable":true,"href":"https:\/\/rubi.com.py\/index.php\/wp-json\/wp\/v2\/media\/4312"}],"wp:attachment":[{"href":"https:\/\/rubi.com.py\/index.php\/wp-json\/wp\/v2\/media?parent=4313"}],"wp:term":[{"taxonomy":"product_brand","embeddable":true,"href":"https:\/\/rubi.com.py\/index.php\/wp-json\/wp\/v2\/product_brand?post=4313"},{"taxonomy":"product_cat","embeddable":true,"href":"https:\/\/rubi.com.py\/index.php\/wp-json\/wp\/v2\/product_cat?post=4313"},{"taxonomy":"product_tag","embeddable":true,"href":"https:\/\/rubi.com.py\/index.php\/wp-json\/wp\/v2\/product_tag?post=4313"}],"curies":[{"name":"wp","href":"https:\/\/api.w.org\/{rel}","templated":true}]}}