{"id":432,"date":"2025-09-17T22:23:52","date_gmt":"2025-09-17T20:23:52","guid":{"rendered":"https:\/\/rubi.com.py\/index.php\/producto\/secarropas-whirlpool-3lwed4815fw-usa-15kg-carga-frontal\/"},"modified":"2026-04-20T22:25:03","modified_gmt":"2026-04-20T20:25:03","slug":"secarropas-whirlpool-3lwed4815fw-usa-15kg-carga-frontal","status":"publish","type":"product","link":"https:\/\/rubi.com.py\/index.php\/producto\/secarropas-whirlpool-3lwed4815fw-usa-15kg-carga-frontal\/","title":{"rendered":"SECARROPAS WHIRLPOOL 3LWED4815FW USA 15KG CARGA FRONTAL"},"content":{"rendered":"<p>* Prevenci\u00f3n de Arrugas Sistema antiarrugas autom\u00e1tico al finalizar cada programa. * Filtro anti-pelusas integrado para cuidar la calidad de tus prendas y su textura. * Automatic Dry Diferentes ciclos autom\u00e1ticos para un mejor cuidado. * Atrapa pelusas extragrandes. * 14 Programas de Secado. * Tambor Durawhite. * Sistema con Salida. * Ciclo anti-arrugas. * 15 Kg capacidad. * 3 Temperaturas. MEDIDAS DEL PRODUCTO. * Ancho 111,7 cm. * Alto 73,6 cm. * Profundidad 71,7 cm. Im\u00e1genes meramente ilustrativas. Im\u00e1genes e informaci\u00f3n sujetas a cambios sin previo aviso. Detalles t\u00e9cnicos: \u2022 ANCHO: 74,5 CM \u2022 ALTO: 111,5 CM \u2022 LARGO: 74 CM \u2022 PESO: 1 GR<\/p>\n","protected":false},"excerpt":{"rendered":"<p>* Prevenci\u00f3n de Arrugas Sistema antiarrugas autom\u00e1tico al finalizar cada programa. * Filtro anti-pelusas integrado para cuidar la calidad de tus prendas y su textura. * Automatic Dry Diferentes ciclos autom\u00e1ticos para un mejor cuidado. * Atrapa pelusas extragrandes. * 14 Programas de Secado. * Tambor Durawhite. * Sistema con Salida. * Ciclo anti-arrugas. * 15 Kg capacidad. * 3 Temperaturas. MEDIDAS DEL PRODUCTO. * Ancho 111,7 cm. * Alto 73,6 cm. * Profundidad 71,7 cm. Im\u00e1genes meramente ilustrativas. Im\u00e1genes e informaci\u00f3n sujetas a cambios sin previo aviso.<\/p>\n","protected":false},"featured_media":4640,"comment_status":"open","ping_status":"closed","template":"","meta":{"_et_pb_use_builder":"","_et_pb_old_content":"","_et_gb_content_width":""},"product_brand":[],"product_cat":[41],"product_tag":[],"class_list":{"0":"post-432","1":"product","2":"type-product","3":"status-publish","4":"has-post-thumbnail","6":"product_cat-lavado-y-cuidado-de-prendas","8":"first","9":"instock","10":"shipping-taxable","11":"purchasable","12":"product-type-simple"},"_links":{"self":[{"href":"https:\/\/rubi.com.py\/index.php\/wp-json\/wp\/v2\/product\/432","targetHints":{"allow":["GET"]}}],"collection":[{"href":"https:\/\/rubi.com.py\/index.php\/wp-json\/wp\/v2\/product"}],"about":[{"href":"https:\/\/rubi.com.py\/index.php\/wp-json\/wp\/v2\/types\/product"}],"replies":[{"embeddable":true,"href":"https:\/\/rubi.com.py\/index.php\/wp-json\/wp\/v2\/comments?post=432"}],"wp:featuredmedia":[{"embeddable":true,"href":"https:\/\/rubi.com.py\/index.php\/wp-json\/wp\/v2\/media\/4640"}],"wp:attachment":[{"href":"https:\/\/rubi.com.py\/index.php\/wp-json\/wp\/v2\/media?parent=432"}],"wp:term":[{"taxonomy":"product_brand","embeddable":true,"href":"https:\/\/rubi.com.py\/index.php\/wp-json\/wp\/v2\/product_brand?post=432"},{"taxonomy":"product_cat","embeddable":true,"href":"https:\/\/rubi.com.py\/index.php\/wp-json\/wp\/v2\/product_cat?post=432"},{"taxonomy":"product_tag","embeddable":true,"href":"https:\/\/rubi.com.py\/index.php\/wp-json\/wp\/v2\/product_tag?post=432"}],"curies":[{"name":"wp","href":"https:\/\/api.w.org\/{rel}","templated":true}]}}