{"id":4330,"date":"2026-04-20T14:16:56","date_gmt":"2026-04-20T12:16:56","guid":{"rendered":"https:\/\/rubi.com.py\/index.php\/producto\/soporte-de-pie-para-tvs-32-a-70-kvs-536\/"},"modified":"2026-04-20T14:16:56","modified_gmt":"2026-04-20T12:16:56","slug":"soporte-de-pie-para-tvs-32-a-70-kvs-536","status":"publish","type":"product","link":"https:\/\/rubi.com.py\/index.php\/producto\/soporte-de-pie-para-tvs-32-a-70-kvs-536\/","title":{"rendered":"SOPORTE DE PIE PARA TVS 32&#8243; A 70&#8243; KVS-536"},"content":{"rendered":"<p>SOPORTE DE PIE PARA TVS 32&#8243; A 70&#8243; KVS-536 Caracter\u00edsticas: -Soporte de Televisores de pie. -Perfecto para exposiciones, salas de presentaci\u00f3n, salones de clase, oficinas, etc. -Flexibilidad: Perfecto para colocar su TV y transportarla donde quiera. Regulable en altura. -Gran movilidad: Cuatro ruedas giratorias. -Cuenta con un estante superior de 30 x 23 cm regulable en altura. -Cuenta con un estante inferior de 43,5 x 29 cm para colocar un reproductor, consola o DVD regulable en altura. -Vesa m\u00e1ximo: 600 x 400 mm. -\u00c1ngulo de inclinaci\u00f3n: +\/- 15\u00ba. -Soporte muy resistente: Soporta hasta 40 Kg. -Dimensiones: 76 x 55 x 190 cm.<\/p>\n","protected":false},"excerpt":{"rendered":"<p>SOPORTE DE PIE PARA TVS 32&#8243; A 70&#8243; KVS-536<\/p>\n","protected":false},"featured_media":4329,"comment_status":"open","ping_status":"closed","template":"","meta":{"_et_pb_use_builder":"","_et_pb_old_content":"","_et_gb_content_width":""},"product_brand":[],"product_cat":[46],"product_tag":[],"class_list":{"0":"post-4330","1":"product","2":"type-product","3":"status-publish","4":"has-post-thumbnail","6":"product_cat-tecnologia","8":"first","9":"instock","10":"shipping-taxable","11":"purchasable","12":"product-type-simple"},"_links":{"self":[{"href":"https:\/\/rubi.com.py\/index.php\/wp-json\/wp\/v2\/product\/4330","targetHints":{"allow":["GET"]}}],"collection":[{"href":"https:\/\/rubi.com.py\/index.php\/wp-json\/wp\/v2\/product"}],"about":[{"href":"https:\/\/rubi.com.py\/index.php\/wp-json\/wp\/v2\/types\/product"}],"replies":[{"embeddable":true,"href":"https:\/\/rubi.com.py\/index.php\/wp-json\/wp\/v2\/comments?post=4330"}],"wp:featuredmedia":[{"embeddable":true,"href":"https:\/\/rubi.com.py\/index.php\/wp-json\/wp\/v2\/media\/4329"}],"wp:attachment":[{"href":"https:\/\/rubi.com.py\/index.php\/wp-json\/wp\/v2\/media?parent=4330"}],"wp:term":[{"taxonomy":"product_brand","embeddable":true,"href":"https:\/\/rubi.com.py\/index.php\/wp-json\/wp\/v2\/product_brand?post=4330"},{"taxonomy":"product_cat","embeddable":true,"href":"https:\/\/rubi.com.py\/index.php\/wp-json\/wp\/v2\/product_cat?post=4330"},{"taxonomy":"product_tag","embeddable":true,"href":"https:\/\/rubi.com.py\/index.php\/wp-json\/wp\/v2\/product_tag?post=4330"}],"curies":[{"name":"wp","href":"https:\/\/api.w.org\/{rel}","templated":true}]}}