{"id":4338,"date":"2026-04-20T14:18:22","date_gmt":"2026-04-20T12:18:22","guid":{"rendered":"https:\/\/rubi.com.py\/index.php\/producto\/cargador-2-en-1-auto-blanco-kcr-4484\/"},"modified":"2026-04-20T14:18:22","modified_gmt":"2026-04-20T12:18:22","slug":"cargador-2-en-1-auto-blanco-kcr-4484","status":"publish","type":"product","link":"https:\/\/rubi.com.py\/index.php\/producto\/cargador-2-en-1-auto-blanco-kcr-4484\/","title":{"rendered":"CARGADOR 2 EN 1 AUTO BLANCO KCR-4484"},"content":{"rendered":"<p>CARGADOR 2 EN 1 AUTO BLANCO KCR-4484 Caracter\u00edsticas: -Cargador de auto 2 en 1: Doble USB + Auricular -Auricular con conexi\u00f3n inal\u00e1mbrica V5.0, Bater\u00eda de 35mAh, Autonom\u00eda 2-3hs, Carga en el cargador de auto, Manos libres -Cargador: Entrada 12V-24V, Salida 5V &#8211; 2.4A, Puerto USB dual (2.0), Atracci\u00f3n magn\u00e9tica incorporada para sujetar el auricular<\/p>\n","protected":false},"excerpt":{"rendered":"<p>CARGADOR 2 EN 1 AUTO BLANCO KCR-4484<\/p>\n","protected":false},"featured_media":4337,"comment_status":"open","ping_status":"closed","template":"","meta":{"_et_pb_use_builder":"","_et_pb_old_content":"","_et_gb_content_width":""},"product_brand":[],"product_cat":[46],"product_tag":[],"class_list":{"0":"post-4338","1":"product","2":"type-product","3":"status-publish","4":"has-post-thumbnail","6":"product_cat-tecnologia","8":"first","9":"instock","10":"shipping-taxable","11":"purchasable","12":"product-type-simple"},"_links":{"self":[{"href":"https:\/\/rubi.com.py\/index.php\/wp-json\/wp\/v2\/product\/4338","targetHints":{"allow":["GET"]}}],"collection":[{"href":"https:\/\/rubi.com.py\/index.php\/wp-json\/wp\/v2\/product"}],"about":[{"href":"https:\/\/rubi.com.py\/index.php\/wp-json\/wp\/v2\/types\/product"}],"replies":[{"embeddable":true,"href":"https:\/\/rubi.com.py\/index.php\/wp-json\/wp\/v2\/comments?post=4338"}],"wp:featuredmedia":[{"embeddable":true,"href":"https:\/\/rubi.com.py\/index.php\/wp-json\/wp\/v2\/media\/4337"}],"wp:attachment":[{"href":"https:\/\/rubi.com.py\/index.php\/wp-json\/wp\/v2\/media?parent=4338"}],"wp:term":[{"taxonomy":"product_brand","embeddable":true,"href":"https:\/\/rubi.com.py\/index.php\/wp-json\/wp\/v2\/product_brand?post=4338"},{"taxonomy":"product_cat","embeddable":true,"href":"https:\/\/rubi.com.py\/index.php\/wp-json\/wp\/v2\/product_cat?post=4338"},{"taxonomy":"product_tag","embeddable":true,"href":"https:\/\/rubi.com.py\/index.php\/wp-json\/wp\/v2\/product_tag?post=4338"}],"curies":[{"name":"wp","href":"https:\/\/api.w.org\/{rel}","templated":true}]}}