{"id":434,"date":"2025-09-17T22:24:15","date_gmt":"2025-09-17T20:24:15","guid":{"rendered":"https:\/\/rubi.com.py\/index.php\/producto\/secarropas-whirlpool-wsr07sb-7kg-rack-p-calzados\/"},"modified":"2026-04-20T22:16:24","modified_gmt":"2026-04-20T20:16:24","slug":"secarropas-whirlpool-wsr07sb-7kg-rack-p-calzados","status":"publish","type":"product","link":"https:\/\/rubi.com.py\/index.php\/producto\/secarropas-whirlpool-wsr07sb-7kg-rack-p-calzados\/","title":{"rendered":"SECARROPAS WHIRLPOOL WSR07SB 7KG RACK P\/ CALZADOS"},"content":{"rendered":"<p>* Rack para calzados Accesorio exclusivo para poder secar prendas que no necesitan rotaci\u00f3n. * Funci\u00f3n anti-arrugas Giros del tambor al finalizar el ciclo reducen las arrugas en tus prendas. * Ciclo de secado r\u00e1pido Tus prendas listas en 15 min. * Inicio diferido Inicio diferido hasta 12 horas. * Exclusivo rack para secar calzados. * 15 min secado r\u00e1pido. * 15 Ciclos de secado. * Sistema con Salida. * Capacidad 7 Kg . * Display LED. * Luz interna. MEDIDAS DEL PRODUCTO. * Ancho 59,5 cm. * Alto 85 cm. * Profundidad 55,5 cm. Im\u00e1genes meramente ilustrativas. Im\u00e1genes e informaci\u00f3n sujetas a cambios sin previo aviso. Detalles t\u00e9cnicos: \u2022 CAPACIDAD: 7 kilogramo \u2022 COLOR: BLANCO COLOR \u2022 TEMPERATURA: 95 GRADOS CENTIGRADOS \u2022 ANCHO: 64 CM \u2022 ALTO: 87 CM \u2022 LARGO: 58 CM \u2022 PESO: 37500 GR<\/p>\n","protected":false},"excerpt":{"rendered":"<p>* Rack para calzados Accesorio exclusivo para poder secar prendas que no necesitan rotaci\u00f3n. * Funci\u00f3n anti-arrugas Giros del tambor al finalizar el ciclo reducen las arrugas en tus prendas. * Ciclo de secado r\u00e1pido Tus prendas listas en 15 min. * Inicio diferido Inicio diferido hasta 12 horas. * Exclusivo rack para secar calzados. * 15 min secado r\u00e1pido. * 15 Ciclos de secado. * Sistema con Salida. * Capacidad 7 Kg . * Display LED. * Luz interna. MEDIDAS DEL PRODUCTO. * Ancho 59,5 cm. * Alto 85 cm. * Profundidad 55,5 cm. Im\u00e1genes meramente ilustrativas. Im\u00e1genes e informaci\u00f3n sujetas a cambios sin previo aviso.<\/p>\n","protected":false},"featured_media":4617,"comment_status":"open","ping_status":"closed","template":"","meta":{"_et_pb_use_builder":"","_et_pb_old_content":"","_et_gb_content_width":""},"product_brand":[],"product_cat":[41],"product_tag":[],"class_list":{"0":"post-434","1":"product","2":"type-product","3":"status-publish","4":"has-post-thumbnail","6":"product_cat-lavado-y-cuidado-de-prendas","8":"first","9":"instock","10":"shipping-taxable","11":"purchasable","12":"product-type-simple"},"_links":{"self":[{"href":"https:\/\/rubi.com.py\/index.php\/wp-json\/wp\/v2\/product\/434","targetHints":{"allow":["GET"]}}],"collection":[{"href":"https:\/\/rubi.com.py\/index.php\/wp-json\/wp\/v2\/product"}],"about":[{"href":"https:\/\/rubi.com.py\/index.php\/wp-json\/wp\/v2\/types\/product"}],"replies":[{"embeddable":true,"href":"https:\/\/rubi.com.py\/index.php\/wp-json\/wp\/v2\/comments?post=434"}],"wp:featuredmedia":[{"embeddable":true,"href":"https:\/\/rubi.com.py\/index.php\/wp-json\/wp\/v2\/media\/4617"}],"wp:attachment":[{"href":"https:\/\/rubi.com.py\/index.php\/wp-json\/wp\/v2\/media?parent=434"}],"wp:term":[{"taxonomy":"product_brand","embeddable":true,"href":"https:\/\/rubi.com.py\/index.php\/wp-json\/wp\/v2\/product_brand?post=434"},{"taxonomy":"product_cat","embeddable":true,"href":"https:\/\/rubi.com.py\/index.php\/wp-json\/wp\/v2\/product_cat?post=434"},{"taxonomy":"product_tag","embeddable":true,"href":"https:\/\/rubi.com.py\/index.php\/wp-json\/wp\/v2\/product_tag?post=434"}],"curies":[{"name":"wp","href":"https:\/\/api.w.org\/{rel}","templated":true}]}}