{"id":4340,"date":"2026-04-20T14:18:46","date_gmt":"2026-04-20T12:18:46","guid":{"rendered":"https:\/\/rubi.com.py\/index.php\/producto\/auricular-gamer-trooper-kga-487-luz-verde\/"},"modified":"2026-04-20T14:18:46","modified_gmt":"2026-04-20T12:18:46","slug":"auricular-gamer-trooper-kga-487-luz-verde","status":"publish","type":"product","link":"https:\/\/rubi.com.py\/index.php\/producto\/auricular-gamer-trooper-kga-487-luz-verde\/","title":{"rendered":"AURICULAR GAMER TROOPER KGA-487 LUZ VERDE"},"content":{"rendered":"<p>AURICULAR GAMER TROOPER KGA-487 LUZ VERDE Caracter\u00edsticas: -Con luces LED (verde, Roja o Azul) -Microfono incorporado -Control de volumen en el cable -Cancelaci\u00f3n de ruidos -Conexi\u00f3n: Aux 3.5mm + USB -Potencia: 100mW -Driver: 40mm -Cable de 1.6 mts<\/p>\n","protected":false},"excerpt":{"rendered":"<p>AURICULAR GAMER TROOPER KGA-487 LUZ VERDE<\/p>\n","protected":false},"featured_media":4339,"comment_status":"open","ping_status":"closed","template":"","meta":{"_et_pb_use_builder":"","_et_pb_old_content":"","_et_gb_content_width":""},"product_brand":[],"product_cat":[37],"product_tag":[],"class_list":{"0":"post-4340","1":"product","2":"type-product","3":"status-publish","4":"has-post-thumbnail","6":"product_cat-gaming","8":"first","9":"instock","10":"shipping-taxable","11":"purchasable","12":"product-type-simple"},"_links":{"self":[{"href":"https:\/\/rubi.com.py\/index.php\/wp-json\/wp\/v2\/product\/4340","targetHints":{"allow":["GET"]}}],"collection":[{"href":"https:\/\/rubi.com.py\/index.php\/wp-json\/wp\/v2\/product"}],"about":[{"href":"https:\/\/rubi.com.py\/index.php\/wp-json\/wp\/v2\/types\/product"}],"replies":[{"embeddable":true,"href":"https:\/\/rubi.com.py\/index.php\/wp-json\/wp\/v2\/comments?post=4340"}],"wp:featuredmedia":[{"embeddable":true,"href":"https:\/\/rubi.com.py\/index.php\/wp-json\/wp\/v2\/media\/4339"}],"wp:attachment":[{"href":"https:\/\/rubi.com.py\/index.php\/wp-json\/wp\/v2\/media?parent=4340"}],"wp:term":[{"taxonomy":"product_brand","embeddable":true,"href":"https:\/\/rubi.com.py\/index.php\/wp-json\/wp\/v2\/product_brand?post=4340"},{"taxonomy":"product_cat","embeddable":true,"href":"https:\/\/rubi.com.py\/index.php\/wp-json\/wp\/v2\/product_cat?post=4340"},{"taxonomy":"product_tag","embeddable":true,"href":"https:\/\/rubi.com.py\/index.php\/wp-json\/wp\/v2\/product_tag?post=4340"}],"curies":[{"name":"wp","href":"https:\/\/api.w.org\/{rel}","templated":true}]}}