{"id":4346,"date":"2026-04-20T14:19:56","date_gmt":"2026-04-20T12:19:56","guid":{"rendered":"https:\/\/rubi.com.py\/index.php\/producto\/amoladora-inalambrica-con-cargador-nappo-nha-080\/"},"modified":"2026-04-20T14:19:56","modified_gmt":"2026-04-20T12:19:56","slug":"amoladora-inalambrica-con-cargador-nappo-nha-080","status":"publish","type":"product","link":"https:\/\/rubi.com.py\/index.php\/producto\/amoladora-inalambrica-con-cargador-nappo-nha-080\/","title":{"rendered":"AMOLADORA INALAMBRICA CON CARGADOR NAPPO NHA-080"},"content":{"rendered":"<p>AMOLADORA INALAMBRICA CON CARGADOR NAPPO NHA-080 Caracter\u00edsticas: -Bater\u00eda recargable de 3.0Ah. -18V. -Velocidad: 2000 &#8211; 7000 RPM. -Tama\u00f1o de disco: 125mm. -Incluye: Llave, Mango, Protector de disco, Bater\u00eda, Cargador y Malet\u00edn de transporte.<\/p>\n","protected":false},"excerpt":{"rendered":"<p>AMOLADORA INALAMBRICA CON CARGADOR NAPPO NHA-080<\/p>\n","protected":false},"featured_media":4345,"comment_status":"open","ping_status":"closed","template":"","meta":{"_et_pb_use_builder":"","_et_pb_old_content":"","_et_gb_content_width":""},"product_brand":[],"product_cat":[36],"product_tag":[],"class_list":{"0":"post-4346","1":"product","2":"type-product","3":"status-publish","4":"has-post-thumbnail","6":"product_cat-ferreteria","8":"first","9":"instock","10":"shipping-taxable","11":"purchasable","12":"product-type-simple"},"_links":{"self":[{"href":"https:\/\/rubi.com.py\/index.php\/wp-json\/wp\/v2\/product\/4346","targetHints":{"allow":["GET"]}}],"collection":[{"href":"https:\/\/rubi.com.py\/index.php\/wp-json\/wp\/v2\/product"}],"about":[{"href":"https:\/\/rubi.com.py\/index.php\/wp-json\/wp\/v2\/types\/product"}],"replies":[{"embeddable":true,"href":"https:\/\/rubi.com.py\/index.php\/wp-json\/wp\/v2\/comments?post=4346"}],"wp:featuredmedia":[{"embeddable":true,"href":"https:\/\/rubi.com.py\/index.php\/wp-json\/wp\/v2\/media\/4345"}],"wp:attachment":[{"href":"https:\/\/rubi.com.py\/index.php\/wp-json\/wp\/v2\/media?parent=4346"}],"wp:term":[{"taxonomy":"product_brand","embeddable":true,"href":"https:\/\/rubi.com.py\/index.php\/wp-json\/wp\/v2\/product_brand?post=4346"},{"taxonomy":"product_cat","embeddable":true,"href":"https:\/\/rubi.com.py\/index.php\/wp-json\/wp\/v2\/product_cat?post=4346"},{"taxonomy":"product_tag","embeddable":true,"href":"https:\/\/rubi.com.py\/index.php\/wp-json\/wp\/v2\/product_tag?post=4346"}],"curies":[{"name":"wp","href":"https:\/\/api.w.org\/{rel}","templated":true}]}}