{"id":4352,"date":"2026-04-20T14:20:56","date_gmt":"2026-04-20T12:20:56","guid":{"rendered":"https:\/\/rubi.com.py\/index.php\/producto\/parlante-inalambrico-ilux-4-x-2-kpm-511\/"},"modified":"2026-04-20T14:20:56","modified_gmt":"2026-04-20T12:20:56","slug":"parlante-inalambrico-ilux-4-x-2-kpm-511","status":"publish","type":"product","link":"https:\/\/rubi.com.py\/index.php\/producto\/parlante-inalambrico-ilux-4-x-2-kpm-511\/","title":{"rendered":"PARLANTE INALAMBRICO ILUX 4&#8243; X 2 KPM-511"},"content":{"rendered":"<p>PARLANTE INALAMBRICO ILUX 4&#8243; X 2 KPM-511 Caracter\u00edsticas: -80 watts | 3.000 watts PMPO. -Funci\u00f3n TWS -Luces RGB -Bater\u00eda recargable: 1200mAh -Conexi\u00f3n inal\u00e1mbrica V5.0. -Conexi\u00f3n: USB, SD, Aux (mediante el cable 2 en 1) -Mic 6.35mm -Radio FM. -Malla met\u00e1lica.<\/p>\n","protected":false},"excerpt":{"rendered":"<p>PARLANTE INALAMBRICO ILUX 4&#8243; X 2 KPM-511<\/p>\n","protected":false},"featured_media":4351,"comment_status":"open","ping_status":"closed","template":"","meta":{"_et_pb_use_builder":"","_et_pb_old_content":"","_et_gb_content_width":""},"product_brand":[],"product_cat":[46],"product_tag":[],"class_list":{"0":"post-4352","1":"product","2":"type-product","3":"status-publish","4":"has-post-thumbnail","6":"product_cat-tecnologia","8":"first","9":"instock","10":"shipping-taxable","11":"purchasable","12":"product-type-simple"},"_links":{"self":[{"href":"https:\/\/rubi.com.py\/index.php\/wp-json\/wp\/v2\/product\/4352","targetHints":{"allow":["GET"]}}],"collection":[{"href":"https:\/\/rubi.com.py\/index.php\/wp-json\/wp\/v2\/product"}],"about":[{"href":"https:\/\/rubi.com.py\/index.php\/wp-json\/wp\/v2\/types\/product"}],"replies":[{"embeddable":true,"href":"https:\/\/rubi.com.py\/index.php\/wp-json\/wp\/v2\/comments?post=4352"}],"wp:featuredmedia":[{"embeddable":true,"href":"https:\/\/rubi.com.py\/index.php\/wp-json\/wp\/v2\/media\/4351"}],"wp:attachment":[{"href":"https:\/\/rubi.com.py\/index.php\/wp-json\/wp\/v2\/media?parent=4352"}],"wp:term":[{"taxonomy":"product_brand","embeddable":true,"href":"https:\/\/rubi.com.py\/index.php\/wp-json\/wp\/v2\/product_brand?post=4352"},{"taxonomy":"product_cat","embeddable":true,"href":"https:\/\/rubi.com.py\/index.php\/wp-json\/wp\/v2\/product_cat?post=4352"},{"taxonomy":"product_tag","embeddable":true,"href":"https:\/\/rubi.com.py\/index.php\/wp-json\/wp\/v2\/product_tag?post=4352"}],"curies":[{"name":"wp","href":"https:\/\/api.w.org\/{rel}","templated":true}]}}