{"id":4354,"date":"2026-04-20T14:21:22","date_gmt":"2026-04-20T12:21:22","guid":{"rendered":"https:\/\/rubi.com.py\/index.php\/producto\/freidora-sin-aceite-y-horno-electrico-nappo-22l-neh-095\/"},"modified":"2026-04-20T14:21:22","modified_gmt":"2026-04-20T12:21:22","slug":"freidora-sin-aceite-y-horno-electrico-nappo-22l-neh-095","status":"publish","type":"product","link":"https:\/\/rubi.com.py\/index.php\/producto\/freidora-sin-aceite-y-horno-electrico-nappo-22l-neh-095\/","title":{"rendered":"FREIDORA SIN ACEITE Y HORNO ELECTRICO NAPPO 22L NEH-095"},"content":{"rendered":"<p>FREIDORA SIN ACEITE Y HORNO ELECTRICO NAPPO 22L NEH-095 Caracter\u00edsticas: -6 en 1: Freidora sin Aceite + Horno El\u00e9ctrico (Asado por convecci\u00f3n y Horneado por convecci\u00f3n) + Grill (Tostar \/ Tostar por convecci\u00f3n) +Rostizar. -Potencia: 1500W. -Capacidad: 22L. -Termostato ajustable hasta 230\u00b0. -Con l\u00e1mpara interna.<\/p>\n","protected":false},"excerpt":{"rendered":"<p>FREIDORA SIN ACEITE Y HORNO ELECTRICO NAPPO 22L NEH-095<\/p>\n","protected":false},"featured_media":4353,"comment_status":"open","ping_status":"closed","template":"","meta":{"_et_pb_use_builder":"","_et_pb_old_content":"","_et_gb_content_width":""},"product_brand":[],"product_cat":[33],"product_tag":[],"class_list":{"0":"post-4354","1":"product","2":"type-product","3":"status-publish","4":"has-post-thumbnail","6":"product_cat-cocina-y-comedor","8":"first","9":"instock","10":"shipping-taxable","11":"purchasable","12":"product-type-simple"},"_links":{"self":[{"href":"https:\/\/rubi.com.py\/index.php\/wp-json\/wp\/v2\/product\/4354","targetHints":{"allow":["GET"]}}],"collection":[{"href":"https:\/\/rubi.com.py\/index.php\/wp-json\/wp\/v2\/product"}],"about":[{"href":"https:\/\/rubi.com.py\/index.php\/wp-json\/wp\/v2\/types\/product"}],"replies":[{"embeddable":true,"href":"https:\/\/rubi.com.py\/index.php\/wp-json\/wp\/v2\/comments?post=4354"}],"wp:featuredmedia":[{"embeddable":true,"href":"https:\/\/rubi.com.py\/index.php\/wp-json\/wp\/v2\/media\/4353"}],"wp:attachment":[{"href":"https:\/\/rubi.com.py\/index.php\/wp-json\/wp\/v2\/media?parent=4354"}],"wp:term":[{"taxonomy":"product_brand","embeddable":true,"href":"https:\/\/rubi.com.py\/index.php\/wp-json\/wp\/v2\/product_brand?post=4354"},{"taxonomy":"product_cat","embeddable":true,"href":"https:\/\/rubi.com.py\/index.php\/wp-json\/wp\/v2\/product_cat?post=4354"},{"taxonomy":"product_tag","embeddable":true,"href":"https:\/\/rubi.com.py\/index.php\/wp-json\/wp\/v2\/product_tag?post=4354"}],"curies":[{"name":"wp","href":"https:\/\/api.w.org\/{rel}","templated":true}]}}