{"id":4363,"date":"2026-04-20T14:23:30","date_gmt":"2026-04-20T12:23:30","guid":{"rendered":"https:\/\/rubi.com.py\/index.php\/producto\/pistola-masajeadora-con-6-puntas-nappo-npm070\/"},"modified":"2026-04-20T14:23:30","modified_gmt":"2026-04-20T12:23:30","slug":"pistola-masajeadora-con-6-puntas-nappo-npm070","status":"publish","type":"product","link":"https:\/\/rubi.com.py\/index.php\/producto\/pistola-masajeadora-con-6-puntas-nappo-npm070\/","title":{"rendered":"PISTOLA MASAJEADORA CON 6 PUNTAS NAPPO NPM070"},"content":{"rendered":"<p>PISTOLA MASAJEADORA CON 6 PUNTAS NAPPO NPM070 Caracter\u00edsticas: -6 niveles de frecuencia de vibraci\u00f3n -Control ON\/OFF -Con 6 adaptadores para distintos tipos de masajes: masaje muscular despu\u00e9s del ejercicio, aliviar la rigidez y el dolor muscular, mejorar la circulaci\u00f3n sangu\u00ednea, mejorar la salud de los tejidos blandos, aumentar el rango de ejercicio y masajeador facial.<\/p>\n","protected":false},"excerpt":{"rendered":"<p>PISTOLA MASAJEADORA CON 6 PUNTAS NAPPO NPM070<\/p>\n","protected":false},"featured_media":4362,"comment_status":"open","ping_status":"closed","template":"","meta":{"_et_pb_use_builder":"","_et_pb_old_content":"","_et_gb_content_width":""},"product_brand":[],"product_cat":[45],"product_tag":[],"class_list":{"0":"post-4363","1":"product","2":"type-product","3":"status-publish","4":"has-post-thumbnail","6":"product_cat-salud-y-belleza","8":"first","9":"instock","10":"shipping-taxable","11":"purchasable","12":"product-type-simple"},"_links":{"self":[{"href":"https:\/\/rubi.com.py\/index.php\/wp-json\/wp\/v2\/product\/4363","targetHints":{"allow":["GET"]}}],"collection":[{"href":"https:\/\/rubi.com.py\/index.php\/wp-json\/wp\/v2\/product"}],"about":[{"href":"https:\/\/rubi.com.py\/index.php\/wp-json\/wp\/v2\/types\/product"}],"replies":[{"embeddable":true,"href":"https:\/\/rubi.com.py\/index.php\/wp-json\/wp\/v2\/comments?post=4363"}],"wp:featuredmedia":[{"embeddable":true,"href":"https:\/\/rubi.com.py\/index.php\/wp-json\/wp\/v2\/media\/4362"}],"wp:attachment":[{"href":"https:\/\/rubi.com.py\/index.php\/wp-json\/wp\/v2\/media?parent=4363"}],"wp:term":[{"taxonomy":"product_brand","embeddable":true,"href":"https:\/\/rubi.com.py\/index.php\/wp-json\/wp\/v2\/product_brand?post=4363"},{"taxonomy":"product_cat","embeddable":true,"href":"https:\/\/rubi.com.py\/index.php\/wp-json\/wp\/v2\/product_cat?post=4363"},{"taxonomy":"product_tag","embeddable":true,"href":"https:\/\/rubi.com.py\/index.php\/wp-json\/wp\/v2\/product_tag?post=4363"}],"curies":[{"name":"wp","href":"https:\/\/api.w.org\/{rel}","templated":true}]}}