{"id":4367,"date":"2026-04-20T14:24:07","date_gmt":"2026-04-20T12:24:07","guid":{"rendered":"https:\/\/rubi.com.py\/index.php\/producto\/humidificador-nappo-nev-071-verde\/"},"modified":"2026-04-20T14:24:07","modified_gmt":"2026-04-20T12:24:07","slug":"humidificador-nappo-nev-071-verde","status":"publish","type":"product","link":"https:\/\/rubi.com.py\/index.php\/producto\/humidificador-nappo-nev-071-verde\/","title":{"rendered":"HUMIDIFICADOR NAPPO NEV-071 VERDE"},"content":{"rendered":"<p>HUMIDIFICADOR NAPPO NEV-071 VERDE Caracter\u00edsticas: -Humidificador arom\u00e1tico ultras\u00f3nico USB. -Difusor el\u00e9ctrico de aromaterapia. -Vaporizador \/ Nebulizador. -Con luces LED. -Tanque de agua de 220ml. -Potencia: 2W. -Incluye cable de carga.<\/p>\n","protected":false},"excerpt":{"rendered":"<p>HUMIDIFICADOR NAPPO NEV-071 VERDE<\/p>\n","protected":false},"featured_media":4366,"comment_status":"open","ping_status":"closed","template":"","meta":{"_et_pb_use_builder":"","_et_pb_old_content":"","_et_gb_content_width":""},"product_brand":[],"product_cat":[45],"product_tag":[],"class_list":{"0":"post-4367","1":"product","2":"type-product","3":"status-publish","4":"has-post-thumbnail","6":"product_cat-salud-y-belleza","8":"first","9":"instock","10":"shipping-taxable","11":"purchasable","12":"product-type-simple"},"_links":{"self":[{"href":"https:\/\/rubi.com.py\/index.php\/wp-json\/wp\/v2\/product\/4367","targetHints":{"allow":["GET"]}}],"collection":[{"href":"https:\/\/rubi.com.py\/index.php\/wp-json\/wp\/v2\/product"}],"about":[{"href":"https:\/\/rubi.com.py\/index.php\/wp-json\/wp\/v2\/types\/product"}],"replies":[{"embeddable":true,"href":"https:\/\/rubi.com.py\/index.php\/wp-json\/wp\/v2\/comments?post=4367"}],"wp:featuredmedia":[{"embeddable":true,"href":"https:\/\/rubi.com.py\/index.php\/wp-json\/wp\/v2\/media\/4366"}],"wp:attachment":[{"href":"https:\/\/rubi.com.py\/index.php\/wp-json\/wp\/v2\/media?parent=4367"}],"wp:term":[{"taxonomy":"product_brand","embeddable":true,"href":"https:\/\/rubi.com.py\/index.php\/wp-json\/wp\/v2\/product_brand?post=4367"},{"taxonomy":"product_cat","embeddable":true,"href":"https:\/\/rubi.com.py\/index.php\/wp-json\/wp\/v2\/product_cat?post=4367"},{"taxonomy":"product_tag","embeddable":true,"href":"https:\/\/rubi.com.py\/index.php\/wp-json\/wp\/v2\/product_tag?post=4367"}],"curies":[{"name":"wp","href":"https:\/\/api.w.org\/{rel}","templated":true}]}}