{"id":437,"date":"2025-09-17T22:25:06","date_gmt":"2025-09-17T20:25:06","guid":{"rendered":"https:\/\/rubi.com.py\/index.php\/producto\/smart-tv-tokyo-google-tv-32-hd-frameless-c-chromecast-incluido\/"},"modified":"2026-04-23T19:45:23","modified_gmt":"2026-04-23T17:45:23","slug":"smart-tv-tokyo-google-tv-32-hd-frameless-c-chromecast-incluido","status":"publish","type":"product","link":"https:\/\/rubi.com.py\/index.php\/producto\/smart-tv-tokyo-google-tv-32-hd-frameless-c-chromecast-incluido\/","title":{"rendered":"SMART TV TOKYO GOOGLE TV 32 HD FRAMELESS C\/ CHROMECAST INCLUIDO"},"content":{"rendered":"<p>* Bordes Frameless ultra delgados. * Puertos 1 Red, 3 HDMI, 2 USB. * Sistema Operativo Google TV. * Chromecast incorporado. * Resoluci\u00f3n 1366&#215;768. * Memoria 8Gb. * RAM 1.5GB. * WiFi. Im\u00e1genes meramente ilustrativas. Im\u00e1genes e informaci\u00f3n sujetas a cambios sin previo aviso. Detalles t\u00e9cnicos: \u2022 ANCHO: 76,8 CM \u2022 ALTO: 9 CM \u2022 LARGO: 49 CM \u2022 PESO: 4700 GR<\/p>\n","protected":false},"excerpt":{"rendered":"<p>* Bordes Frameless ultra delgados. * Puertos 1 Red, 3 HDMI, 2 USB. * Sistema Operativo Google TV. * Chromecast incorporado. * Resoluci\u00f3n 1366&#215;768. * Memoria 8Gb. * RAM 1.5GB. * WiFi. Im\u00e1genes meramente ilustrativas. Im\u00e1genes e informaci\u00f3n sujetas a cambios sin previo aviso.<\/p>\n","protected":false},"featured_media":5210,"comment_status":"open","ping_status":"closed","template":"","meta":{"_et_pb_use_builder":"on","_et_pb_old_content":"<p>* Bordes Frameless ultra delgados. * Puertos 1 Red, 3 HDMI, 2 USB. * Sistema Operativo Google TV. * Chromecast incorporado. * Resoluci\u00f3n 1366x768. * Memoria 8Gb. * RAM 1.5GB. * WiFi. Im\u00e1genes meramente ilustrativas. Im\u00e1genes e informaci\u00f3n sujetas a cambios sin previo aviso. Detalles t\u00e9cnicos: \u2022 ANCHO: 76,8 CM \u2022 ALTO: 9 CM \u2022 LARGO: 49 CM \u2022 PESO: 4700 GR<\/p>","_et_gb_content_width":""},"product_brand":[],"product_cat":[47,46],"product_tag":[],"class_list":{"0":"post-437","1":"product","2":"type-product","3":"status-publish","4":"has-post-thumbnail","6":"product_cat-destacados","7":"product_cat-tecnologia","9":"first","10":"instock","11":"shipping-taxable","12":"purchasable","13":"product-type-simple"},"_links":{"self":[{"href":"https:\/\/rubi.com.py\/index.php\/wp-json\/wp\/v2\/product\/437","targetHints":{"allow":["GET"]}}],"collection":[{"href":"https:\/\/rubi.com.py\/index.php\/wp-json\/wp\/v2\/product"}],"about":[{"href":"https:\/\/rubi.com.py\/index.php\/wp-json\/wp\/v2\/types\/product"}],"replies":[{"embeddable":true,"href":"https:\/\/rubi.com.py\/index.php\/wp-json\/wp\/v2\/comments?post=437"}],"wp:featuredmedia":[{"embeddable":true,"href":"https:\/\/rubi.com.py\/index.php\/wp-json\/wp\/v2\/media\/5210"}],"wp:attachment":[{"href":"https:\/\/rubi.com.py\/index.php\/wp-json\/wp\/v2\/media?parent=437"}],"wp:term":[{"taxonomy":"product_brand","embeddable":true,"href":"https:\/\/rubi.com.py\/index.php\/wp-json\/wp\/v2\/product_brand?post=437"},{"taxonomy":"product_cat","embeddable":true,"href":"https:\/\/rubi.com.py\/index.php\/wp-json\/wp\/v2\/product_cat?post=437"},{"taxonomy":"product_tag","embeddable":true,"href":"https:\/\/rubi.com.py\/index.php\/wp-json\/wp\/v2\/product_tag?post=437"}],"curies":[{"name":"wp","href":"https:\/\/api.w.org\/{rel}","templated":true}]}}