{"id":4371,"date":"2026-04-20T14:24:42","date_gmt":"2026-04-20T12:24:42","guid":{"rendered":"https:\/\/rubi.com.py\/index.php\/producto\/auricular-gamer-zeus-kga-480\/"},"modified":"2026-04-20T14:24:42","modified_gmt":"2026-04-20T12:24:42","slug":"auricular-gamer-zeus-kga-480","status":"publish","type":"product","link":"https:\/\/rubi.com.py\/index.php\/producto\/auricular-gamer-zeus-kga-480\/","title":{"rendered":"AURICULAR GAMER ZEUS KGA-480"},"content":{"rendered":"<p>AURICULAR GAMER ZEUS KGA-480 Caracter\u00edsticas: -Luz de 7 colores -Compatible con PS4 o Notebooks -Micr\u00f3fono incorporado -Control de volumen en una de las orejeras. -Sonido Hi-Fi -Conexi\u00f3n: 2 x 3.5mm + USB. -Driver: 50mm -Cable de 2.1m -Plug and Play -Incluye: Adaptador de 2&#215;3.5mm hembra a 1 x 3.5mm macho<\/p>\n","protected":false},"excerpt":{"rendered":"<p>AURICULAR GAMER ZEUS KGA-480<\/p>\n","protected":false},"featured_media":4370,"comment_status":"open","ping_status":"closed","template":"","meta":{"_et_pb_use_builder":"","_et_pb_old_content":"","_et_gb_content_width":""},"product_brand":[],"product_cat":[37],"product_tag":[],"class_list":{"0":"post-4371","1":"product","2":"type-product","3":"status-publish","4":"has-post-thumbnail","6":"product_cat-gaming","8":"first","9":"instock","10":"shipping-taxable","11":"purchasable","12":"product-type-simple"},"_links":{"self":[{"href":"https:\/\/rubi.com.py\/index.php\/wp-json\/wp\/v2\/product\/4371","targetHints":{"allow":["GET"]}}],"collection":[{"href":"https:\/\/rubi.com.py\/index.php\/wp-json\/wp\/v2\/product"}],"about":[{"href":"https:\/\/rubi.com.py\/index.php\/wp-json\/wp\/v2\/types\/product"}],"replies":[{"embeddable":true,"href":"https:\/\/rubi.com.py\/index.php\/wp-json\/wp\/v2\/comments?post=4371"}],"wp:featuredmedia":[{"embeddable":true,"href":"https:\/\/rubi.com.py\/index.php\/wp-json\/wp\/v2\/media\/4370"}],"wp:attachment":[{"href":"https:\/\/rubi.com.py\/index.php\/wp-json\/wp\/v2\/media?parent=4371"}],"wp:term":[{"taxonomy":"product_brand","embeddable":true,"href":"https:\/\/rubi.com.py\/index.php\/wp-json\/wp\/v2\/product_brand?post=4371"},{"taxonomy":"product_cat","embeddable":true,"href":"https:\/\/rubi.com.py\/index.php\/wp-json\/wp\/v2\/product_cat?post=4371"},{"taxonomy":"product_tag","embeddable":true,"href":"https:\/\/rubi.com.py\/index.php\/wp-json\/wp\/v2\/product_tag?post=4371"}],"curies":[{"name":"wp","href":"https:\/\/api.w.org\/{rel}","templated":true}]}}