{"id":4377,"date":"2026-04-20T14:26:27","date_gmt":"2026-04-20T12:26:27","guid":{"rendered":"https:\/\/rubi.com.py\/index.php\/producto\/parlante-inalambrico-blues-8-kpb-421\/"},"modified":"2026-04-20T14:26:27","modified_gmt":"2026-04-20T12:26:27","slug":"parlante-inalambrico-blues-8-kpb-421","status":"publish","type":"product","link":"https:\/\/rubi.com.py\/index.php\/producto\/parlante-inalambrico-blues-8-kpb-421\/","title":{"rendered":"PARLANTE INALAMBRICO BLUES 8&#8243; KPB-421"},"content":{"rendered":"<p>PARLANTE INALAMBRICO BLUES 8&#8243; KPB-421 Caracter\u00edsticas: 100w | 3.500w PMPO. Bater\u00eda recargable: 2.400mAh. Conexi\u00f3n inal\u00e1mbrica V4.2+EDR. Funci\u00f3n TWS. Funci\u00f3n Karaoke. Conexi\u00f3n: USB, SD, Audio 3.5mm, Mic 6.35mm. Luces Led. Incluye: Micr\u00f3fono con cable, Control remoto y cables.<\/p>\n","protected":false},"excerpt":{"rendered":"<p>PARLANTE INALAMBRICO BLUES 8&#8243; KPB-421<\/p>\n","protected":false},"featured_media":4376,"comment_status":"open","ping_status":"closed","template":"","meta":{"_et_pb_use_builder":"","_et_pb_old_content":"","_et_gb_content_width":""},"product_brand":[],"product_cat":[46],"product_tag":[],"class_list":{"0":"post-4377","1":"product","2":"type-product","3":"status-publish","4":"has-post-thumbnail","6":"product_cat-tecnologia","8":"first","9":"instock","10":"shipping-taxable","11":"purchasable","12":"product-type-simple"},"_links":{"self":[{"href":"https:\/\/rubi.com.py\/index.php\/wp-json\/wp\/v2\/product\/4377","targetHints":{"allow":["GET"]}}],"collection":[{"href":"https:\/\/rubi.com.py\/index.php\/wp-json\/wp\/v2\/product"}],"about":[{"href":"https:\/\/rubi.com.py\/index.php\/wp-json\/wp\/v2\/types\/product"}],"replies":[{"embeddable":true,"href":"https:\/\/rubi.com.py\/index.php\/wp-json\/wp\/v2\/comments?post=4377"}],"wp:featuredmedia":[{"embeddable":true,"href":"https:\/\/rubi.com.py\/index.php\/wp-json\/wp\/v2\/media\/4376"}],"wp:attachment":[{"href":"https:\/\/rubi.com.py\/index.php\/wp-json\/wp\/v2\/media?parent=4377"}],"wp:term":[{"taxonomy":"product_brand","embeddable":true,"href":"https:\/\/rubi.com.py\/index.php\/wp-json\/wp\/v2\/product_brand?post=4377"},{"taxonomy":"product_cat","embeddable":true,"href":"https:\/\/rubi.com.py\/index.php\/wp-json\/wp\/v2\/product_cat?post=4377"},{"taxonomy":"product_tag","embeddable":true,"href":"https:\/\/rubi.com.py\/index.php\/wp-json\/wp\/v2\/product_tag?post=4377"}],"curies":[{"name":"wp","href":"https:\/\/api.w.org\/{rel}","templated":true}]}}