{"id":4379,"date":"2026-04-20T14:26:47","date_gmt":"2026-04-20T12:26:47","guid":{"rendered":"https:\/\/rubi.com.py\/index.php\/producto\/caja-de-herramientas-nappo-taladro-inal-nhk-041\/"},"modified":"2026-04-21T02:14:25","modified_gmt":"2026-04-21T00:14:25","slug":"caja-de-herramientas-nappo-taladro-inal-nhk-041","status":"publish","type":"product","link":"https:\/\/rubi.com.py\/index.php\/producto\/caja-de-herramientas-nappo-taladro-inal-nhk-041\/","title":{"rendered":"CAJA DE HERRAMIENTAS NAPPO TALADRO INAL NHK-041"},"content":{"rendered":"<p>CAJA DE HERRAMIENTAS NAPPO TALADRO INAL NHK-041 Caracter\u00edsticas:<\/p>\n<p>-Taladro atornillador inal\u00e1mbrico de12V.<\/p>\n<p>-Bater\u00eda de litio recargable de 1300mAh.<\/p>\n<p>-Luz led indicadora de carga.<\/p>\n<p>-Switch de funci\u00f3n adelante y reversa.<\/p>\n<p>-2 velocidades.<\/p>\n<p>-Incluye: 8 llaves allen, 10 mechas para madera, 10 mechas helicoidales, 2 paletas, trincheta, 30 puntas de destornillador de 25mm, 12 brocas, 1 conector, taladro inal\u00e1mbrico, mango auxiliar, cargador, bater\u00eda y malet\u00edn.<\/p>\n","protected":false},"excerpt":{"rendered":"<p>CAJA DE HERRAMIENTAS NAPPO TALADRO INAL NHK-041<\/p>\n","protected":false},"featured_media":4693,"comment_status":"open","ping_status":"closed","template":"","meta":{"_et_pb_use_builder":"","_et_pb_old_content":"","_et_gb_content_width":""},"product_brand":[],"product_cat":[47,36],"product_tag":[],"class_list":{"0":"post-4379","1":"product","2":"type-product","3":"status-publish","4":"has-post-thumbnail","6":"product_cat-destacados","7":"product_cat-ferreteria","9":"first","10":"instock","11":"shipping-taxable","12":"purchasable","13":"product-type-simple"},"_links":{"self":[{"href":"https:\/\/rubi.com.py\/index.php\/wp-json\/wp\/v2\/product\/4379","targetHints":{"allow":["GET"]}}],"collection":[{"href":"https:\/\/rubi.com.py\/index.php\/wp-json\/wp\/v2\/product"}],"about":[{"href":"https:\/\/rubi.com.py\/index.php\/wp-json\/wp\/v2\/types\/product"}],"replies":[{"embeddable":true,"href":"https:\/\/rubi.com.py\/index.php\/wp-json\/wp\/v2\/comments?post=4379"}],"wp:featuredmedia":[{"embeddable":true,"href":"https:\/\/rubi.com.py\/index.php\/wp-json\/wp\/v2\/media\/4693"}],"wp:attachment":[{"href":"https:\/\/rubi.com.py\/index.php\/wp-json\/wp\/v2\/media?parent=4379"}],"wp:term":[{"taxonomy":"product_brand","embeddable":true,"href":"https:\/\/rubi.com.py\/index.php\/wp-json\/wp\/v2\/product_brand?post=4379"},{"taxonomy":"product_cat","embeddable":true,"href":"https:\/\/rubi.com.py\/index.php\/wp-json\/wp\/v2\/product_cat?post=4379"},{"taxonomy":"product_tag","embeddable":true,"href":"https:\/\/rubi.com.py\/index.php\/wp-json\/wp\/v2\/product_tag?post=4379"}],"curies":[{"name":"wp","href":"https:\/\/api.w.org\/{rel}","templated":true}]}}