{"id":4383,"date":"2026-04-20T14:27:31","date_gmt":"2026-04-20T12:27:31","guid":{"rendered":"https:\/\/rubi.com.py\/index.php\/producto\/kit-caja-de-dados-nappo-40pcs-nhk-047\/"},"modified":"2026-04-20T14:27:31","modified_gmt":"2026-04-20T12:27:31","slug":"kit-caja-de-dados-nappo-40pcs-nhk-047","status":"publish","type":"product","link":"https:\/\/rubi.com.py\/index.php\/producto\/kit-caja-de-dados-nappo-40pcs-nhk-047\/","title":{"rendered":"KIT CAJA DE DADOS NAPPO 40PCS NHK-047"},"content":{"rendered":"<p>KIT CAJA DE DADOS NAPPO 40PCS NHK-047 Caracter\u00edsticas: -Juego de llaves combinadas de 40 pieza -Llaves de combinaci\u00f3n S.A.E (pulgadas) y de tama\u00f1o m\u00e9trico (mil\u00edmetros). -Contenido: 1 llave cricket de 3\/8&#8243;, 1 mango de 6&#8243;, 1 destornillador adaptable a dado, 1 barra externsible de 3\/8&#8243;, 1 adaptador 1\/4\u201d x 3\/8&#8243;, 14 dados m\u00e9tricos de 1\/4&#8243;, 14 dados SAE de 1\/4&#8243;, 3 dados SAE de 1\/4&#8243; 8pt,1 dado de buj\u00eda de 3\/8\u201d, 2 dados m\u00e9tricos de 3\/8\u201d. -Malet\u00edn de transporte.<\/p>\n","protected":false},"excerpt":{"rendered":"<p>KIT CAJA DE DADOS NAPPO 40PCS NHK-047<\/p>\n","protected":false},"featured_media":4382,"comment_status":"open","ping_status":"closed","template":"","meta":{"_et_pb_use_builder":"","_et_pb_old_content":"","_et_gb_content_width":""},"product_brand":[],"product_cat":[36],"product_tag":[],"class_list":{"0":"post-4383","1":"product","2":"type-product","3":"status-publish","4":"has-post-thumbnail","6":"product_cat-ferreteria","8":"first","9":"instock","10":"shipping-taxable","11":"purchasable","12":"product-type-simple"},"_links":{"self":[{"href":"https:\/\/rubi.com.py\/index.php\/wp-json\/wp\/v2\/product\/4383","targetHints":{"allow":["GET"]}}],"collection":[{"href":"https:\/\/rubi.com.py\/index.php\/wp-json\/wp\/v2\/product"}],"about":[{"href":"https:\/\/rubi.com.py\/index.php\/wp-json\/wp\/v2\/types\/product"}],"replies":[{"embeddable":true,"href":"https:\/\/rubi.com.py\/index.php\/wp-json\/wp\/v2\/comments?post=4383"}],"wp:featuredmedia":[{"embeddable":true,"href":"https:\/\/rubi.com.py\/index.php\/wp-json\/wp\/v2\/media\/4382"}],"wp:attachment":[{"href":"https:\/\/rubi.com.py\/index.php\/wp-json\/wp\/v2\/media?parent=4383"}],"wp:term":[{"taxonomy":"product_brand","embeddable":true,"href":"https:\/\/rubi.com.py\/index.php\/wp-json\/wp\/v2\/product_brand?post=4383"},{"taxonomy":"product_cat","embeddable":true,"href":"https:\/\/rubi.com.py\/index.php\/wp-json\/wp\/v2\/product_cat?post=4383"},{"taxonomy":"product_tag","embeddable":true,"href":"https:\/\/rubi.com.py\/index.php\/wp-json\/wp\/v2\/product_tag?post=4383"}],"curies":[{"name":"wp","href":"https:\/\/api.w.org\/{rel}","templated":true}]}}