{"id":4387,"date":"2026-04-20T14:31:34","date_gmt":"2026-04-20T12:31:34","guid":{"rendered":"https:\/\/rubi.com.py\/index.php\/producto\/kit-de-herramientas-manuales-nappo-nhk-053\/"},"modified":"2026-04-20T14:31:34","modified_gmt":"2026-04-20T12:31:34","slug":"kit-de-herramientas-manuales-nappo-nhk-053","status":"publish","type":"product","link":"https:\/\/rubi.com.py\/index.php\/producto\/kit-de-herramientas-manuales-nappo-nhk-053\/","title":{"rendered":"KIT DE HERRAMIENTAS MANUALES NAPPO NHK-053"},"content":{"rendered":"<p>KIT DE HERRAMIENTAS MANUALES NAPPO NHK-053 Caracter\u00edsticas: -159 herramientas inclu\u00eddas: 2 juegos de llave allen (16 pcs), 20 puntas de destornillador de 25mm, 1 adaptador, 6 destornilladores de precisi\u00f3n, 1 llave inglesa, 4 llaves fijas,1 alicate, 1 trincheta,1 destornillador, 1 set de accesorios, 1 martillo, 1 llave de cricket, 1 adaptador, 1 barra de extensi\u00f3n, 1 cinta aisladora, 30 brocas (boca llave) -Malet\u00edn de transporte<\/p>\n","protected":false},"excerpt":{"rendered":"<p>KIT DE HERRAMIENTAS MANUALES NAPPO NHK-053<\/p>\n","protected":false},"featured_media":4386,"comment_status":"open","ping_status":"closed","template":"","meta":{"_et_pb_use_builder":"","_et_pb_old_content":"","_et_gb_content_width":""},"product_brand":[],"product_cat":[36],"product_tag":[],"class_list":{"0":"post-4387","1":"product","2":"type-product","3":"status-publish","4":"has-post-thumbnail","6":"product_cat-ferreteria","8":"first","9":"instock","10":"shipping-taxable","11":"purchasable","12":"product-type-simple"},"_links":{"self":[{"href":"https:\/\/rubi.com.py\/index.php\/wp-json\/wp\/v2\/product\/4387","targetHints":{"allow":["GET"]}}],"collection":[{"href":"https:\/\/rubi.com.py\/index.php\/wp-json\/wp\/v2\/product"}],"about":[{"href":"https:\/\/rubi.com.py\/index.php\/wp-json\/wp\/v2\/types\/product"}],"replies":[{"embeddable":true,"href":"https:\/\/rubi.com.py\/index.php\/wp-json\/wp\/v2\/comments?post=4387"}],"wp:featuredmedia":[{"embeddable":true,"href":"https:\/\/rubi.com.py\/index.php\/wp-json\/wp\/v2\/media\/4386"}],"wp:attachment":[{"href":"https:\/\/rubi.com.py\/index.php\/wp-json\/wp\/v2\/media?parent=4387"}],"wp:term":[{"taxonomy":"product_brand","embeddable":true,"href":"https:\/\/rubi.com.py\/index.php\/wp-json\/wp\/v2\/product_brand?post=4387"},{"taxonomy":"product_cat","embeddable":true,"href":"https:\/\/rubi.com.py\/index.php\/wp-json\/wp\/v2\/product_cat?post=4387"},{"taxonomy":"product_tag","embeddable":true,"href":"https:\/\/rubi.com.py\/index.php\/wp-json\/wp\/v2\/product_tag?post=4387"}],"curies":[{"name":"wp","href":"https:\/\/api.w.org\/{rel}","templated":true}]}}