{"id":4395,"date":"2026-04-20T14:33:08","date_gmt":"2026-04-20T12:33:08","guid":{"rendered":"https:\/\/rubi.com.py\/index.php\/producto\/auricular-gamer-hero-kga-312-az\/"},"modified":"2026-04-20T14:35:48","modified_gmt":"2026-04-20T12:35:48","slug":"auricular-gamer-hero-kga-312-az","status":"publish","type":"product","link":"https:\/\/rubi.com.py\/index.php\/producto\/auricular-gamer-hero-kga-312-az\/","title":{"rendered":"AURICULAR GAMER HERO KGA-312 (AZ)"},"content":{"rendered":"<p>AURICULAR GAMER HERO KGA-312 (AZ) Caracter\u00edsticas: -Ideal para PS4 y XBOX ONE, Switch, PC, Smartphones y Tablets. -Micr\u00f3fono flexible y detachable -Conexi\u00f3n: 1 x conector 3.5mm -Ideal para PS4: Conexi\u00f3n directa al joystick<\/p>\n","protected":false},"excerpt":{"rendered":"<p>AURICULAR GAMER HERO KGA-312 (AZ)<\/p>\n","protected":false},"featured_media":4406,"comment_status":"open","ping_status":"closed","template":"","meta":{"_et_pb_use_builder":"","_et_pb_old_content":"","_et_gb_content_width":""},"product_brand":[],"product_cat":[37],"product_tag":[],"class_list":{"0":"post-4395","1":"product","2":"type-product","3":"status-publish","4":"has-post-thumbnail","6":"product_cat-gaming","8":"first","9":"instock","10":"shipping-taxable","11":"purchasable","12":"product-type-simple"},"_links":{"self":[{"href":"https:\/\/rubi.com.py\/index.php\/wp-json\/wp\/v2\/product\/4395","targetHints":{"allow":["GET"]}}],"collection":[{"href":"https:\/\/rubi.com.py\/index.php\/wp-json\/wp\/v2\/product"}],"about":[{"href":"https:\/\/rubi.com.py\/index.php\/wp-json\/wp\/v2\/types\/product"}],"replies":[{"embeddable":true,"href":"https:\/\/rubi.com.py\/index.php\/wp-json\/wp\/v2\/comments?post=4395"}],"wp:featuredmedia":[{"embeddable":true,"href":"https:\/\/rubi.com.py\/index.php\/wp-json\/wp\/v2\/media\/4406"}],"wp:attachment":[{"href":"https:\/\/rubi.com.py\/index.php\/wp-json\/wp\/v2\/media?parent=4395"}],"wp:term":[{"taxonomy":"product_brand","embeddable":true,"href":"https:\/\/rubi.com.py\/index.php\/wp-json\/wp\/v2\/product_brand?post=4395"},{"taxonomy":"product_cat","embeddable":true,"href":"https:\/\/rubi.com.py\/index.php\/wp-json\/wp\/v2\/product_cat?post=4395"},{"taxonomy":"product_tag","embeddable":true,"href":"https:\/\/rubi.com.py\/index.php\/wp-json\/wp\/v2\/product_tag?post=4395"}],"curies":[{"name":"wp","href":"https:\/\/api.w.org\/{rel}","templated":true}]}}