{"id":4399,"date":"2026-04-20T14:33:53","date_gmt":"2026-04-20T12:33:53","guid":{"rendered":"https:\/\/rubi.com.py\/index.php\/producto\/sopera-electrica-nappo-neo-021-14-16l\/"},"modified":"2026-04-20T14:33:53","modified_gmt":"2026-04-20T12:33:53","slug":"sopera-electrica-nappo-neo-021-14-16l","status":"publish","type":"product","link":"https:\/\/rubi.com.py\/index.php\/producto\/sopera-electrica-nappo-neo-021-14-16l\/","title":{"rendered":"SOPERA ELECTRICA NAPPO NEO-021 1,4\/1,6L"},"content":{"rendered":"<p>SOPERA ELECTRICA NAPPO NEO-021 1,4\/1,6L Caracter\u00edsticas: -Capacidad: 1.6L. -Potencia: 1000W. -Multifunci\u00f3n: Smoothies, Sopas cremosas, Sopas r\u00fasticas (con trozos) y Funci\u00f3n autolimpieza. -Control inteligente anti-volcado.<\/p>\n","protected":false},"excerpt":{"rendered":"<p>SOPERA ELECTRICA NAPPO NEO-021 1,4\/1,6L<\/p>\n","protected":false},"featured_media":4398,"comment_status":"open","ping_status":"closed","template":"","meta":{"_et_pb_use_builder":"","_et_pb_old_content":"","_et_gb_content_width":""},"product_brand":[],"product_cat":[33],"product_tag":[],"class_list":{"0":"post-4399","1":"product","2":"type-product","3":"status-publish","4":"has-post-thumbnail","6":"product_cat-cocina-y-comedor","8":"first","9":"instock","10":"shipping-taxable","11":"purchasable","12":"product-type-simple"},"_links":{"self":[{"href":"https:\/\/rubi.com.py\/index.php\/wp-json\/wp\/v2\/product\/4399","targetHints":{"allow":["GET"]}}],"collection":[{"href":"https:\/\/rubi.com.py\/index.php\/wp-json\/wp\/v2\/product"}],"about":[{"href":"https:\/\/rubi.com.py\/index.php\/wp-json\/wp\/v2\/types\/product"}],"replies":[{"embeddable":true,"href":"https:\/\/rubi.com.py\/index.php\/wp-json\/wp\/v2\/comments?post=4399"}],"wp:featuredmedia":[{"embeddable":true,"href":"https:\/\/rubi.com.py\/index.php\/wp-json\/wp\/v2\/media\/4398"}],"wp:attachment":[{"href":"https:\/\/rubi.com.py\/index.php\/wp-json\/wp\/v2\/media?parent=4399"}],"wp:term":[{"taxonomy":"product_brand","embeddable":true,"href":"https:\/\/rubi.com.py\/index.php\/wp-json\/wp\/v2\/product_brand?post=4399"},{"taxonomy":"product_cat","embeddable":true,"href":"https:\/\/rubi.com.py\/index.php\/wp-json\/wp\/v2\/product_cat?post=4399"},{"taxonomy":"product_tag","embeddable":true,"href":"https:\/\/rubi.com.py\/index.php\/wp-json\/wp\/v2\/product_tag?post=4399"}],"curies":[{"name":"wp","href":"https:\/\/api.w.org\/{rel}","templated":true}]}}