{"id":4401,"date":"2026-04-20T14:34:08","date_gmt":"2026-04-20T12:34:08","guid":{"rendered":"https:\/\/rubi.com.py\/index.php\/producto\/mixer-nappo-5-en-1-nem-023\/"},"modified":"2026-04-20T14:34:08","modified_gmt":"2026-04-20T12:34:08","slug":"mixer-nappo-5-en-1-nem-023","status":"publish","type":"product","link":"https:\/\/rubi.com.py\/index.php\/producto\/mixer-nappo-5-en-1-nem-023\/","title":{"rendered":"MIXER NAPPO 5 EN 1 NEM-023"},"content":{"rendered":"<p>MIXER NAPPO 5 EN 1 NEM-023 Caracter\u00edsticas: -Batidora | Licuadora | Picadora | Mezcladora. -Potencia: 600W | 2 Velocidades. -Dise\u00f1o pr\u00e1ctico y ergon\u00f3mico. -Con accesorios intercambiables. -Incluye: Varilla para mixear | Batidora | Picadora Bowl mezclador transparente de 500 ml | Vaso transparente de 600ml con tapa.<\/p>\n","protected":false},"excerpt":{"rendered":"<p>MIXER NAPPO 5 EN 1 NEM-023<\/p>\n","protected":false},"featured_media":4400,"comment_status":"open","ping_status":"closed","template":"","meta":{"_et_pb_use_builder":"","_et_pb_old_content":"","_et_gb_content_width":""},"product_brand":[],"product_cat":[33],"product_tag":[],"class_list":{"0":"post-4401","1":"product","2":"type-product","3":"status-publish","4":"has-post-thumbnail","6":"product_cat-cocina-y-comedor","8":"first","9":"instock","10":"shipping-taxable","11":"purchasable","12":"product-type-simple"},"_links":{"self":[{"href":"https:\/\/rubi.com.py\/index.php\/wp-json\/wp\/v2\/product\/4401","targetHints":{"allow":["GET"]}}],"collection":[{"href":"https:\/\/rubi.com.py\/index.php\/wp-json\/wp\/v2\/product"}],"about":[{"href":"https:\/\/rubi.com.py\/index.php\/wp-json\/wp\/v2\/types\/product"}],"replies":[{"embeddable":true,"href":"https:\/\/rubi.com.py\/index.php\/wp-json\/wp\/v2\/comments?post=4401"}],"wp:featuredmedia":[{"embeddable":true,"href":"https:\/\/rubi.com.py\/index.php\/wp-json\/wp\/v2\/media\/4400"}],"wp:attachment":[{"href":"https:\/\/rubi.com.py\/index.php\/wp-json\/wp\/v2\/media?parent=4401"}],"wp:term":[{"taxonomy":"product_brand","embeddable":true,"href":"https:\/\/rubi.com.py\/index.php\/wp-json\/wp\/v2\/product_brand?post=4401"},{"taxonomy":"product_cat","embeddable":true,"href":"https:\/\/rubi.com.py\/index.php\/wp-json\/wp\/v2\/product_cat?post=4401"},{"taxonomy":"product_tag","embeddable":true,"href":"https:\/\/rubi.com.py\/index.php\/wp-json\/wp\/v2\/product_tag?post=4401"}],"curies":[{"name":"wp","href":"https:\/\/api.w.org\/{rel}","templated":true}]}}