{"id":4405,"date":"2026-04-20T14:35:19","date_gmt":"2026-04-20T12:35:19","guid":{"rendered":"https:\/\/rubi.com.py\/index.php\/producto\/mochila-anti-robo-city-con-candado-kvm-339-gr-oscuro\/"},"modified":"2026-04-20T14:35:19","modified_gmt":"2026-04-20T12:35:19","slug":"mochila-anti-robo-city-con-candado-kvm-339-gr-oscuro","status":"publish","type":"product","link":"https:\/\/rubi.com.py\/index.php\/producto\/mochila-anti-robo-city-con-candado-kvm-339-gr-oscuro\/","title":{"rendered":"MOCHILA ANTI-ROBO CITY CON CANDADO KVM-339 GR OSCURO"},"content":{"rendered":"<p>MOCHILA ANTI-ROBO CITY CON CANDADO KVM-339 GR OSCURO Caracter\u00edsticas: -Candado de combinaci\u00f3n -Impermeable y a prueba de cortes. -Puerto exterior USB para carga. -Hueco para auriculares. -3 bolsillos con m\u00faltiples separadores y organizadores. -Franjas reflectantes.\u00bb<\/p>\n","protected":false},"excerpt":{"rendered":"<p>MOCHILA ANTI-ROBO CITY CON CANDADO KVM-339 GR OSCURO<\/p>\n","protected":false},"featured_media":4404,"comment_status":"open","ping_status":"closed","template":"","meta":{"_et_pb_use_builder":"","_et_pb_old_content":"","_et_gb_content_width":""},"product_brand":[],"product_cat":[30,46],"product_tag":[],"class_list":{"0":"post-4405","1":"product","2":"type-product","3":"status-publish","4":"has-post-thumbnail","6":"product_cat-actividades-al-aire-libre","7":"product_cat-tecnologia","9":"first","10":"instock","11":"shipping-taxable","12":"purchasable","13":"product-type-simple"},"_links":{"self":[{"href":"https:\/\/rubi.com.py\/index.php\/wp-json\/wp\/v2\/product\/4405","targetHints":{"allow":["GET"]}}],"collection":[{"href":"https:\/\/rubi.com.py\/index.php\/wp-json\/wp\/v2\/product"}],"about":[{"href":"https:\/\/rubi.com.py\/index.php\/wp-json\/wp\/v2\/types\/product"}],"replies":[{"embeddable":true,"href":"https:\/\/rubi.com.py\/index.php\/wp-json\/wp\/v2\/comments?post=4405"}],"wp:featuredmedia":[{"embeddable":true,"href":"https:\/\/rubi.com.py\/index.php\/wp-json\/wp\/v2\/media\/4404"}],"wp:attachment":[{"href":"https:\/\/rubi.com.py\/index.php\/wp-json\/wp\/v2\/media?parent=4405"}],"wp:term":[{"taxonomy":"product_brand","embeddable":true,"href":"https:\/\/rubi.com.py\/index.php\/wp-json\/wp\/v2\/product_brand?post=4405"},{"taxonomy":"product_cat","embeddable":true,"href":"https:\/\/rubi.com.py\/index.php\/wp-json\/wp\/v2\/product_cat?post=4405"},{"taxonomy":"product_tag","embeddable":true,"href":"https:\/\/rubi.com.py\/index.php\/wp-json\/wp\/v2\/product_tag?post=4405"}],"curies":[{"name":"wp","href":"https:\/\/api.w.org\/{rel}","templated":true}]}}