{"id":4418,"date":"2026-04-20T14:37:44","date_gmt":"2026-04-20T12:37:44","guid":{"rendered":"https:\/\/rubi.com.py\/index.php\/producto\/kit-de-herramientas-nappo-nhk-008\/"},"modified":"2026-04-21T02:17:51","modified_gmt":"2026-04-21T00:17:51","slug":"kit-de-herramientas-nappo-nhk-008","status":"publish","type":"product","link":"https:\/\/rubi.com.py\/index.php\/producto\/kit-de-herramientas-nappo-nhk-008\/","title":{"rendered":"KIT DE HERRAMIENTAS NAPPO NHK-008"},"content":{"rendered":"<p>KIT DE HERRAMIENTAS NAPPO NHK-008 Caracter\u00edsticas: -Kit de 120 piezas que incluye: 5 mechas de metal, 1 mecha de pared, 1 adaptador, 1 conector hembra, 1 cinta m\u00e9trica, 1 destornillador de llave (desarmador de caja), 6 destornilladores, 1 pluma de prueba el\u00e9ctrica, 1 l\u00e1piz, 1 trincheta, 1 cinta aisaldora, 1 llave inglesa, 1 sierra, 1 pelacable, 1 taladro el\u00e9ctrico, mango auxiliar para el taladro, 1 pinza, 1 alicate, 60 tacos fischer, 1 martillo, 10 puntas de destornillador de 25mm, 2 puntas de destornillador de 50 mm, 8 brocas y -Malet\u00edn de transporte.<\/p>\n","protected":false},"excerpt":{"rendered":"<p>KIT DE HERRAMIENTAS NAPPO NHK-008<\/p>\n","protected":false},"featured_media":4699,"comment_status":"open","ping_status":"closed","template":"","meta":{"_et_pb_use_builder":"","_et_pb_old_content":"","_et_gb_content_width":""},"product_brand":[],"product_cat":[47,36],"product_tag":[],"class_list":{"0":"post-4418","1":"product","2":"type-product","3":"status-publish","4":"has-post-thumbnail","6":"product_cat-destacados","7":"product_cat-ferreteria","9":"first","10":"instock","11":"shipping-taxable","12":"purchasable","13":"product-type-simple"},"_links":{"self":[{"href":"https:\/\/rubi.com.py\/index.php\/wp-json\/wp\/v2\/product\/4418","targetHints":{"allow":["GET"]}}],"collection":[{"href":"https:\/\/rubi.com.py\/index.php\/wp-json\/wp\/v2\/product"}],"about":[{"href":"https:\/\/rubi.com.py\/index.php\/wp-json\/wp\/v2\/types\/product"}],"replies":[{"embeddable":true,"href":"https:\/\/rubi.com.py\/index.php\/wp-json\/wp\/v2\/comments?post=4418"}],"wp:featuredmedia":[{"embeddable":true,"href":"https:\/\/rubi.com.py\/index.php\/wp-json\/wp\/v2\/media\/4699"}],"wp:attachment":[{"href":"https:\/\/rubi.com.py\/index.php\/wp-json\/wp\/v2\/media?parent=4418"}],"wp:term":[{"taxonomy":"product_brand","embeddable":true,"href":"https:\/\/rubi.com.py\/index.php\/wp-json\/wp\/v2\/product_brand?post=4418"},{"taxonomy":"product_cat","embeddable":true,"href":"https:\/\/rubi.com.py\/index.php\/wp-json\/wp\/v2\/product_cat?post=4418"},{"taxonomy":"product_tag","embeddable":true,"href":"https:\/\/rubi.com.py\/index.php\/wp-json\/wp\/v2\/product_tag?post=4418"}],"curies":[{"name":"wp","href":"https:\/\/api.w.org\/{rel}","templated":true}]}}